{"id":105,"date":"2015-02-14T19:22:01","date_gmt":"2015-02-14T19:22:01","guid":{"rendered":"http:\/\/www.feuerwehr-ibbenbueren.de\/?page_id=105"},"modified":"2025-07-07T21:11:29","modified_gmt":"2025-07-07T19:11:29","slug":"ab-auf-die-insel","status":"publish","type":"page","link":"https:\/\/www.feuerwehr-ibbenbueren.de\/?page_id=105","title":{"rendered":"Ab auf die Insel"},"content":{"rendered":"<h3>Erholung auf der Insel Wangerooge in der Ferienwohnung der Feuerwehr Ibbenb\u00fcren<\/h3>\n<p>Seit Januar 2008 ist der Stadtfeuerwehrverband Ibbenb\u00fcren e.V. Nutzer einer Wohnung am Haus Ibbenb\u00fcren, auf der sch\u00f6nen Nordseeinsel Wangerooge.<\/p>\n<p><img loading=\"lazy\" decoding=\"async\" class=\"alignleft wp-image-34263 size-medium\" src=\"https:\/\/www.feuerwehr-ibbenbueren.de\/wp-content\/uploads\/2024\/03\/WhatsApp-Image-2023-10-10-at-14.40.30-1-300x240.jpeg\" alt=\"\" width=\"300\" height=\"240\" srcset=\"https:\/\/www.feuerwehr-ibbenbueren.de\/wp-content\/uploads\/2024\/03\/WhatsApp-Image-2023-10-10-at-14.40.30-1-300x240.jpeg 300w, https:\/\/www.feuerwehr-ibbenbueren.de\/wp-content\/uploads\/2024\/03\/WhatsApp-Image-2023-10-10-at-14.40.30-1-1024x819.jpeg 1024w, https:\/\/www.feuerwehr-ibbenbueren.de\/wp-content\/uploads\/2024\/03\/WhatsApp-Image-2023-10-10-at-14.40.30-1-768x614.jpeg 768w, https:\/\/www.feuerwehr-ibbenbueren.de\/wp-content\/uploads\/2024\/03\/WhatsApp-Image-2023-10-10-at-14.40.30-1-250x200.jpeg 250w, https:\/\/www.feuerwehr-ibbenbueren.de\/wp-content\/uploads\/2024\/03\/WhatsApp-Image-2023-10-10-at-14.40.30-1.jpeg 1049w\" sizes=\"auto, (max-width: 300px) 100vw, 300px\" \/><\/p>\n<p>Viele Jahre schon ist das Haus Ibbenb\u00fcren auf Wangerooge fester Bestandteil der Arbeit und des sozialen Engagements der Evangelischen Kirchengemeinde Ibbenb\u00fcren.\u00a0Unz\u00e4hlige Freizeiten haben hier stattgefunden. Viele Familien aus der Gemeinde haben hier erholsame und vergn\u00fcgte Tage verbracht.<\/p>\n<p>Auch die Feuerwehr Ibbenb\u00fcren ist langj\u00e4hriger Gast \u2013 hier werden regelm\u00e4\u00dfig im Herbst Seminare und Fortbildungen abgehalten. Im seitlichen Anbau des Hauses befindet sich eine gro\u00dfz\u00fcgige Wohnung, die\u00a0von Mitgliedern der Feuerwehr Ibbenb\u00fcren und deren Familien zur Erholung genutzt werden kann.<\/p>\n<p>Informationen \u00fcber die Insel auf <a href=\"http:\/\/www.wangerooge.de\/\" target=\"_blank\" rel=\"noopener noreferrer\">www.wangerooge.de<\/a><\/p>\n<p>&nbsp;<\/p>\n<h3>Informationen zum Thema &#8222;Einsatzbereitschaft auf der Insel&#8220;<\/h3>\n<p>Um\u00a0unsere Partnerfeuerwehr zu unterst\u00fctzen, gibt es die M\u00f6glichkeit beim Aufenthalt in unser Ferienwohnung den\u00a0Kameraden vor Ort bei Eins\u00e4tzen zu helfen. Die Alarmierung auf Wangerooge erfolgt \u00fcber einen in der Wohnung befindlichen Funkmeldeempf\u00e4nger, der\u00a0bei Bezug\u00a0eingeschaltet werden muss.<\/p>\n<p>Die Teilnahme an den Dienstabenden der Feuerwehr Wangerooge w\u00e4hrend des Urlaubs ist obligatorisch und dieser findet jeden Montagabend um 20:00 Uhr statt.<\/p>\n<p>In der Alarmumkleide der Feuerwehr Wangerooge h\u00e4ngen drei komplette S\u00e4tze Einsatzbekleidung der Feuerwehr Ibbenb\u00fcren in drei verschiedenen Gr\u00f6\u00dfen, so dass man als &#8222;Neuzugang&#8220; erkannt werden kann.<\/p>\n<p>Die versicherungstechnische Absicherung ist in vollem Umfang \u00fcber die Feuerwehrunfallkasse Niedersachsen gew\u00e4hrleistet.<\/p>\n<p>Als Gegenleistung f\u00fcr die Bereitschaft bei Eins\u00e4tzen mitzuwirken, entf\u00e4llt die Kurtaxe f\u00fcr bis zu\u00a0zwei Personen f\u00fcr den gesamten Aufenthalt auf der Insel Wangerooge. Die Mitarbeiterkarten zum Erlass der Kurtaxe erh\u00e4lt man bei Abholung des Wohnungsschl\u00fcssels und der Infomappe beim Meister vom Dienst.<\/p>\n<p>&nbsp;<\/p>\n\n\t\t<div id='gallery-1' class='gallery galleryid-105 gallery-columns-4 gallery-size-thumbnail gallery1'><script type=\"text\/javascript\">\r\n\/\/ <![CDATA[\r\n\tjQuery(document).ready(function () {\r\n\t\tjQuery(\".gallery1 a\").attr(\"rel\",\"gallery1\");\t\r\n\t\tjQuery('a[rel=\"gallery1\"]').colorbox({maxWidth:\"95%\", maxHeight:\"95%\",title: function(){ return jQuery(this).children().attr(\"alt\"); }, });\r\n\t});\r\n\/\/ ]]>\r\n<\/script>\n<dl class=\"gallery-item\">\n<dt class=\"gallery-icon\">\r\n<a href=\"https:\/\/www.feuerwehr-ibbenbueren.de\/wp-content\/uploads\/2024\/03\/WhatsApp-Image-2023-10-10-at-14.40.30-1.jpeg\" title=\"\" rel=\"gallery1\"><img loading=\"lazy\" decoding=\"async\" src=\"https:\/\/www.feuerwehr-ibbenbueren.de\/wp-content\/uploads\/2024\/03\/WhatsApp-Image-2023-10-10-at-14.40.30-1-150x150.jpeg\" width=\"150\" height=\"150\" alt=\"\" \/><\/a>\r\n<\/dt><\/dl><dl class=\"gallery-item\">\n<dt class=\"gallery-icon\">\r\n<a href=\"https:\/\/www.feuerwehr-ibbenbueren.de\/wp-content\/uploads\/2025\/01\/wangerooge-fewo-2025-01_01-scaled.jpg\" title=\"\" rel=\"gallery1\"><img loading=\"lazy\" decoding=\"async\" src=\"https:\/\/www.feuerwehr-ibbenbueren.de\/wp-content\/uploads\/2025\/01\/wangerooge-fewo-2025-01_01-150x150.jpg\" width=\"150\" height=\"150\" alt=\"\" \/><\/a>\r\n<\/dt><\/dl><dl class=\"gallery-item\">\n<dt class=\"gallery-icon\">\r\n<a href=\"https:\/\/www.feuerwehr-ibbenbueren.de\/wp-content\/uploads\/2025\/01\/wangerooge-fewo-2025-01_02-scaled.jpg\" title=\"\" rel=\"gallery1\"><img loading=\"lazy\" decoding=\"async\" src=\"https:\/\/www.feuerwehr-ibbenbueren.de\/wp-content\/uploads\/2025\/01\/wangerooge-fewo-2025-01_02-150x150.jpg\" width=\"150\" height=\"150\" alt=\"\" \/><\/a>\r\n<\/dt><\/dl><dl class=\"gallery-item\">\n<dt class=\"gallery-icon\">\r\n<a href=\"https:\/\/www.feuerwehr-ibbenbueren.de\/wp-content\/uploads\/2025\/01\/wangerooge-fewo-2025-01_03-scaled.jpg\" title=\"\" rel=\"gallery1\"><img loading=\"lazy\" decoding=\"async\" src=\"https:\/\/www.feuerwehr-ibbenbueren.de\/wp-content\/uploads\/2025\/01\/wangerooge-fewo-2025-01_03-150x150.jpg\" width=\"150\" height=\"150\" alt=\"\" \/><\/a>\r\n<\/dt><\/dl><br style=\"clear: both\" \/><dl class=\"gallery-item\">\n<dt class=\"gallery-icon\">\r\n<a href=\"https:\/\/www.feuerwehr-ibbenbueren.de\/wp-content\/uploads\/2024\/03\/IMG_4408-scaled.jpeg\" title=\"\" rel=\"gallery1\"><img loading=\"lazy\" decoding=\"async\" src=\"https:\/\/www.feuerwehr-ibbenbueren.de\/wp-content\/uploads\/2024\/03\/IMG_4408-150x150.jpeg\" width=\"150\" height=\"150\" alt=\"\" \/><\/a>\r\n<\/dt><\/dl><dl class=\"gallery-item\">\n<dt class=\"gallery-icon\">\r\n<a href=\"https:\/\/www.feuerwehr-ibbenbueren.de\/wp-content\/uploads\/2024\/03\/IMG_4514-scaled.jpeg\" title=\"\" rel=\"gallery1\"><img loading=\"lazy\" decoding=\"async\" src=\"https:\/\/www.feuerwehr-ibbenbueren.de\/wp-content\/uploads\/2024\/03\/IMG_4514-150x150.jpeg\" width=\"150\" height=\"150\" alt=\"\" \/><\/a>\r\n<\/dt><\/dl><dl class=\"gallery-item\">\n<dt class=\"gallery-icon\">\r\n<a href=\"https:\/\/www.feuerwehr-ibbenbueren.de\/wp-content\/uploads\/2025\/01\/wangerooge-fewo-2025-01_05-scaled.jpg\" title=\"\" rel=\"gallery1\"><img loading=\"lazy\" decoding=\"async\" src=\"https:\/\/www.feuerwehr-ibbenbueren.de\/wp-content\/uploads\/2025\/01\/wangerooge-fewo-2025-01_05-150x150.jpg\" width=\"150\" height=\"150\" alt=\"\" \/><\/a>\r\n<\/dt><\/dl><dl class=\"gallery-item\">\n<dt class=\"gallery-icon\">\r\n<a href=\"https:\/\/www.feuerwehr-ibbenbueren.de\/wp-content\/uploads\/2025\/01\/wangerooge-fewo-2025-01_06-scaled.jpg\" title=\"\" rel=\"gallery1\"><img loading=\"lazy\" decoding=\"async\" src=\"https:\/\/www.feuerwehr-ibbenbueren.de\/wp-content\/uploads\/2025\/01\/wangerooge-fewo-2025-01_06-150x150.jpg\" width=\"150\" height=\"150\" alt=\"\" \/><\/a>\r\n<\/dt><\/dl><br style=\"clear: both\" \/><dl class=\"gallery-item\">\n<dt class=\"gallery-icon\">\r\n<a href=\"https:\/\/www.feuerwehr-ibbenbueren.de\/wp-content\/uploads\/2025\/01\/wangerooge-fewo-2025-01_04-scaled.jpg\" title=\"\" rel=\"gallery1\"><img loading=\"lazy\" decoding=\"async\" src=\"https:\/\/www.feuerwehr-ibbenbueren.de\/wp-content\/uploads\/2025\/01\/wangerooge-fewo-2025-01_04-150x150.jpg\" width=\"150\" height=\"150\" alt=\"\" \/><\/a>\r\n<\/dt><\/dl><dl class=\"gallery-item\">\n<dt class=\"gallery-icon\">\r\n<a href=\"https:\/\/www.feuerwehr-ibbenbueren.de\/wp-content\/uploads\/2025\/01\/wangerooge-fewo-2025-01_11-scaled.jpg\" title=\"\" rel=\"gallery1\"><img loading=\"lazy\" decoding=\"async\" src=\"https:\/\/www.feuerwehr-ibbenbueren.de\/wp-content\/uploads\/2025\/01\/wangerooge-fewo-2025-01_11-150x150.jpg\" width=\"150\" height=\"150\" alt=\"\" \/><\/a>\r\n<\/dt><\/dl><dl class=\"gallery-item\">\n<dt class=\"gallery-icon\">\r\n<a href=\"https:\/\/www.feuerwehr-ibbenbueren.de\/wp-content\/uploads\/2025\/01\/wangerooge-fewo-2025-01_07-scaled.jpg\" title=\"\" rel=\"gallery1\"><img loading=\"lazy\" decoding=\"async\" src=\"https:\/\/www.feuerwehr-ibbenbueren.de\/wp-content\/uploads\/2025\/01\/wangerooge-fewo-2025-01_07-150x150.jpg\" width=\"150\" height=\"150\" alt=\"\" \/><\/a>\r\n<\/dt><\/dl><dl class=\"gallery-item\">\n<dt class=\"gallery-icon\">\r\n<a href=\"https:\/\/www.feuerwehr-ibbenbueren.de\/wp-content\/uploads\/2024\/03\/IMG_4836-scaled.jpeg\" title=\"\" rel=\"gallery1\"><img loading=\"lazy\" decoding=\"async\" src=\"https:\/\/www.feuerwehr-ibbenbueren.de\/wp-content\/uploads\/2024\/03\/IMG_4836-150x150.jpeg\" width=\"150\" height=\"150\" alt=\"\" \/><\/a>\r\n<\/dt><\/dl><br style=\"clear: both\" \/><dl class=\"gallery-item\">\n<dt class=\"gallery-icon\">\r\n<a href=\"https:\/\/www.feuerwehr-ibbenbueren.de\/wp-content\/uploads\/2025\/01\/wangerooge-fewo-2025-01_08-scaled.jpg\" title=\"\" rel=\"gallery1\"><img loading=\"lazy\" decoding=\"async\" src=\"https:\/\/www.feuerwehr-ibbenbueren.de\/wp-content\/uploads\/2025\/01\/wangerooge-fewo-2025-01_08-150x150.jpg\" width=\"150\" height=\"150\" alt=\"\" \/><\/a>\r\n<\/dt><\/dl><dl class=\"gallery-item\">\n<dt class=\"gallery-icon\">\r\n<a href=\"https:\/\/www.feuerwehr-ibbenbueren.de\/wp-content\/uploads\/2025\/01\/wangerooge-fewo-2025-01_09-scaled.jpg\" title=\"\" rel=\"gallery1\"><img loading=\"lazy\" decoding=\"async\" src=\"https:\/\/www.feuerwehr-ibbenbueren.de\/wp-content\/uploads\/2025\/01\/wangerooge-fewo-2025-01_09-150x150.jpg\" width=\"150\" height=\"150\" alt=\"\" \/><\/a>\r\n<\/dt><\/dl><dl class=\"gallery-item\">\n<dt class=\"gallery-icon\">\r\n<a href=\"https:\/\/www.feuerwehr-ibbenbueren.de\/wp-content\/uploads\/2025\/01\/wangerooge-fewo-2025-01_10-scaled.jpg\" title=\"\" rel=\"gallery1\"><img loading=\"lazy\" decoding=\"async\" src=\"https:\/\/www.feuerwehr-ibbenbueren.de\/wp-content\/uploads\/2025\/01\/wangerooge-fewo-2025-01_10-150x150.jpg\" width=\"150\" height=\"150\" alt=\"\" \/><\/a>\r\n<\/dt><\/dl><dl class=\"gallery-item\">\n<dt class=\"gallery-icon\">\r\n<a href=\"https:\/\/www.feuerwehr-ibbenbueren.de\/wp-content\/uploads\/2024\/03\/IMG_4848-scaled.jpeg\" title=\"\" rel=\"gallery1\"><img loading=\"lazy\" decoding=\"async\" src=\"https:\/\/www.feuerwehr-ibbenbueren.de\/wp-content\/uploads\/2024\/03\/IMG_4848-150x150.jpeg\" width=\"150\" height=\"150\" alt=\"\" \/><\/a>\r\n<\/dt><\/dl><br style=\"clear: both\" \/><dl class=\"gallery-item\">\n<dt class=\"gallery-icon\">\r\n<a href=\"https:\/\/www.feuerwehr-ibbenbueren.de\/wp-content\/uploads\/2024\/08\/Wangerooge_Huette_15082024-scaled.jpg\" title=\"\" rel=\"gallery1\"><img loading=\"lazy\" decoding=\"async\" src=\"https:\/\/www.feuerwehr-ibbenbueren.de\/wp-content\/uploads\/2024\/08\/Wangerooge_Huette_15082024-150x150.jpg\" width=\"150\" height=\"150\" alt=\"\" \/><\/a>\r\n<\/dt><\/dl><dl class=\"gallery-item\">\n<dt class=\"gallery-icon\">\r\n<a href=\"https:\/\/www.feuerwehr-ibbenbueren.de\/wp-content\/uploads\/2025\/01\/wangerooge-fewo-2025-01_12-scaled.jpg\" title=\"\" rel=\"gallery1\"><img loading=\"lazy\" decoding=\"async\" src=\"https:\/\/www.feuerwehr-ibbenbueren.de\/wp-content\/uploads\/2025\/01\/wangerooge-fewo-2025-01_12-150x150.jpg\" width=\"150\" height=\"150\" alt=\"\" \/><\/a>\r\n<\/dt><\/dl><dl class=\"gallery-item\">\n<dt class=\"gallery-icon\">\r\n<a href=\"https:\/\/www.feuerwehr-ibbenbueren.de\/wp-content\/uploads\/2024\/03\/IMG_4523-scaled.jpeg\" title=\"\" rel=\"gallery1\"><img loading=\"lazy\" decoding=\"async\" src=\"https:\/\/www.feuerwehr-ibbenbueren.de\/wp-content\/uploads\/2024\/03\/IMG_4523-150x150.jpeg\" width=\"150\" height=\"150\" alt=\"\" \/><\/a>\r\n<\/dt><\/dl><dl class=\"gallery-item\">\n<dt class=\"gallery-icon\">\r\n<a href=\"https:\/\/www.feuerwehr-ibbenbueren.de\/wp-content\/uploads\/2024\/03\/WhatsApp-Image-2023-10-10-at-14.40.30.jpeg\" title=\"\" rel=\"gallery1\"><img loading=\"lazy\" decoding=\"async\" src=\"https:\/\/www.feuerwehr-ibbenbueren.de\/wp-content\/uploads\/2024\/03\/WhatsApp-Image-2023-10-10-at-14.40.30-150x150.jpeg\" width=\"150\" height=\"150\" alt=\"\" \/><\/a>\r\n<\/dt><\/dl><br style=\"clear: both\" \/>\r\n\t\t<\/div>\n\n<hr \/>\n<h3>Entgelte<\/h3>\n<p><a href=\"https:\/\/www.feuerwehr-ibbenbueren.de\/wp-content\/uploads\/2024\/03\/entgelte_12_2.jpg\"><img loading=\"lazy\" decoding=\"async\" class=\"alignnone wp-image-34253\" src=\"https:\/\/www.feuerwehr-ibbenbueren.de\/wp-content\/uploads\/2024\/03\/entgelte_12_2-300x258.jpg\" alt=\"\" width=\"350\" height=\"301\" srcset=\"https:\/\/www.feuerwehr-ibbenbueren.de\/wp-content\/uploads\/2024\/03\/entgelte_12_2-300x258.jpg 300w, https:\/\/www.feuerwehr-ibbenbueren.de\/wp-content\/uploads\/2024\/03\/entgelte_12_2-250x215.jpg 250w, https:\/\/www.feuerwehr-ibbenbueren.de\/wp-content\/uploads\/2024\/03\/entgelte_12_2.jpg 350w\" sizes=\"auto, (max-width: 350px) 100vw, 350px\" \/><\/a><\/p>\n<ul>\n<li>Alle Preise gelten pro \u00dcbernachtung, inklusive Hausnebenkosten, zuz\u00fcglich Kurtaxe.<\/li>\n<li>In der Hauptreisezeit von NRW (Osterferien, Sommerferien und Herbstferien) vermieten wir die Ferienwohnung nur wochenweise, Bettenwechsel soll dann samstags erfolgen.<\/li>\n<li>* Bei Buchungen in der Zeit vom 23.12. bis 4.1. werden mindestens 7 \u00dcbernachtungen berechnet, auch bei weniger Aufenthalt.<\/li>\n<li>Es wird generell empfohlen, dass sich Vor- und Nachmieter in Bezug auf die \u00dcbergabe der Wohnung abstimmen. So ist dem Nachmieter bspw. die M\u00f6glichkeit zu geben, ab 12 Uhr die Wohnung zu nutzen, um dort die Koffer abzustellen.<\/li>\n<li><span style=\"color: #ff0000;\"><strong>Stornogeb\u00fchren<\/strong>: <\/span>Bei einer Stornierung der Buchung bis zu 49 Tage vor Mietbeginn werden 10% des Mietpreises, bis zu 35 Tage vor Mietbeginn 30%, bis zu 21 Tage vor Mietbeginn 60% und bis zu 14 Tage vor Mietbeginn 90% des Mietpreises als Stornogeb\u00fchren berechnet.<\/li>\n<\/ul>\n<hr \/>\n<h3>Belegung und Buchung<\/h3>\n<p><a href=\"https:\/\/api.belegungskalender-kostenlos.de\/kalender.php?kid=4287\" target=\"_blank\" rel=\"noopener\"><img loading=\"lazy\" decoding=\"async\" class=\"alignnone wp-image-28268 size-medium\" src=\"https:\/\/www.feuerwehr-ibbenbueren.de\/wp-content\/uploads\/2022\/07\/fewo-2022-07-01-300x167.jpeg\" alt=\"\" width=\"300\" height=\"167\" srcset=\"https:\/\/www.feuerwehr-ibbenbueren.de\/wp-content\/uploads\/2022\/07\/fewo-2022-07-01-300x167.jpeg 300w, https:\/\/www.feuerwehr-ibbenbueren.de\/wp-content\/uploads\/2022\/07\/fewo-2022-07-01-1024x571.jpeg 1024w, https:\/\/www.feuerwehr-ibbenbueren.de\/wp-content\/uploads\/2022\/07\/fewo-2022-07-01-768x429.jpeg 768w, https:\/\/www.feuerwehr-ibbenbueren.de\/wp-content\/uploads\/2022\/07\/fewo-2022-07-01-1536x857.jpeg 1536w, https:\/\/www.feuerwehr-ibbenbueren.de\/wp-content\/uploads\/2022\/07\/fewo-2022-07-01-250x140.jpeg 250w, https:\/\/www.feuerwehr-ibbenbueren.de\/wp-content\/uploads\/2022\/07\/fewo-2022-07-01.jpeg 1894w\" sizes=\"auto, (max-width: 300px) 100vw, 300px\" \/><\/a><\/p>\n<ul>\n<li><strong>Buchungsanfragen direkt an Marc Sch\u00fcttken <a href=\"mailto:marc@auto-schuettken.de?subject=Buchung%20der%20FeWo%20im%20Haus%20Ibbenb%C3%BCren%20auf%20Wangerooge\" target=\"_blank\" rel=\"noopener\">HIER<\/a> per eMail.<\/strong><\/li>\n<li>Die verlinkte \u00dcbersicht wird regelm\u00e4\u00dfig aktualisiert. Im Zweifel beim Browser die Funktion &#8222;Aktualisieren&#8220; \/ &#8222;aktuelle Seite neu laden&#8220; (F5) bet\u00e4tigen.<\/li>\n<\/ul>\n<p>Link: <a href=\"https:\/\/www.schulferien.org\/\" target=\"_blank\" rel=\"noopener\">Schulferien.org &#8211; Ferien, Feiertage, Kalender<\/a><\/p>\n","protected":false},"excerpt":{"rendered":"<p>Erholung auf der Insel Wangerooge in der Ferienwohnung der Feuerwehr Ibbenb\u00fcren.<\/p>\n","protected":false},"author":2,"featured_media":34267,"parent":639,"menu_order":1,"comment_status":"open","ping_status":"closed","template":"","meta":{"footnotes":""},"class_list":["post-105","page","type-page","status-publish","has-post-thumbnail","hentry"],"_links":{"self":[{"href":"https:\/\/www.feuerwehr-ibbenbueren.de\/index.php?rest_route=\/wp\/v2\/pages\/105","targetHints":{"allow":["GET"]}}],"collection":[{"href":"https:\/\/www.feuerwehr-ibbenbueren.de\/index.php?rest_route=\/wp\/v2\/pages"}],"about":[{"href":"https:\/\/www.feuerwehr-ibbenbueren.de\/index.php?rest_route=\/wp\/v2\/types\/page"}],"author":[{"embeddable":true,"href":"https:\/\/www.feuerwehr-ibbenbueren.de\/index.php?rest_route=\/wp\/v2\/users\/2"}],"replies":[{"embeddable":true,"href":"https:\/\/www.feuerwehr-ibbenbueren.de\/index.php?rest_route=%2Fwp%2Fv2%2Fcomments&post=105"}],"version-history":[{"count":134,"href":"https:\/\/www.feuerwehr-ibbenbueren.de\/index.php?rest_route=\/wp\/v2\/pages\/105\/revisions"}],"predecessor-version":[{"id":39493,"href":"https:\/\/www.feuerwehr-ibbenbueren.de\/index.php?rest_route=\/wp\/v2\/pages\/105\/revisions\/39493"}],"up":[{"embeddable":true,"href":"https:\/\/www.feuerwehr-ibbenbueren.de\/index.php?rest_route=\/wp\/v2\/pages\/639"}],"wp:featuredmedia":[{"embeddable":true,"href":"https:\/\/www.feuerwehr-ibbenbueren.de\/index.php?rest_route=\/wp\/v2\/media\/34267"}],"wp:attachment":[{"href":"https:\/\/www.feuerwehr-ibbenbueren.de\/index.php?rest_route=%2Fwp%2Fv2%2Fmedia&parent=105"}],"curies":[{"name":"wp","href":"https:\/\/api.w.org\/{rel}","templated":true}]}}