{"id":107,"date":"2015-02-14T19:22:36","date_gmt":"2015-02-14T19:22:36","guid":{"rendered":"http:\/\/www.feuerwehr-ibbenbueren.de\/?page_id=107"},"modified":"2024-05-23T14:01:50","modified_gmt":"2024-05-23T12:01:50","slug":"dienstsport","status":"publish","type":"page","link":"https:\/\/www.feuerwehr-ibbenbueren.de\/?page_id=107","title":{"rendered":"Dienstsport"},"content":{"rendered":"<h3>K\u00f6rperlicher Eignungstest<\/h3>\n<p>Um die eigene Fitness zu trainieren (z.B. f\u00fcr den k\u00f6rperlicher Eignungstest f\u00fcr die Ausbildungen<br \/>\nzum\/zur Brandmeister\/in bzw. zum\/zur Notfallsanit\u00e4ter\/in der Feuerwehr Ibbenb\u00fcren) eignen sich folgende, bew\u00e4hrte \u00dcbungen:<\/p>\n<p><a href=\"https:\/\/www.feuerwehr-ibbenbueren.de\/wp-content\/uploads\/2024\/05\/2024-05-17_Auswahlverfahren-BMA-NotSan_koerperlicher-Eignungstest.pdf\" target=\"_blank\" rel=\"noopener\">zum Download anklicken<\/a><\/p>\n<h3><a href=\"https:\/\/www.feuerwehr-ibbenbueren.de\/wp-content\/uploads\/2024\/05\/2024-05-17_Auswahlverfahren-BMA-NotSan_koerperlicher-Eignungstest.pdf\" target=\"_blank\" rel=\"noopener\"><img loading=\"lazy\" decoding=\"async\" class=\"alignleft wp-image-34817\" src=\"https:\/\/www.feuerwehr-ibbenbueren.de\/wp-content\/uploads\/2024\/05\/koerperlicher_eignungstest_2024-05-17-107x300.png\" alt=\"\" width=\"98\" height=\"275\" srcset=\"https:\/\/www.feuerwehr-ibbenbueren.de\/wp-content\/uploads\/2024\/05\/koerperlicher_eignungstest_2024-05-17-107x300.png 107w, https:\/\/www.feuerwehr-ibbenbueren.de\/wp-content\/uploads\/2024\/05\/koerperlicher_eignungstest_2024-05-17-250x702.png 250w, https:\/\/www.feuerwehr-ibbenbueren.de\/wp-content\/uploads\/2024\/05\/koerperlicher_eignungstest_2024-05-17.png 307w\" sizes=\"auto, (max-width: 98px) 100vw, 98px\" \/><\/a><\/h3>\n<p>&nbsp;<\/p>\n<p>&nbsp;<\/p>\n<p>&nbsp;<\/p>\n<p><a href=\"https:\/\/www.feuerwehr-ibbenbueren.de\/wp-content\/uploads\/2024\/05\/2024-05-17_Auswahlverfahren-BMA-NotSan_koerperlicher-Eignungstest.pdf\" target=\"_blank\" rel=\"noopener\">K\u00f6rperlicher Eignungstest f\u00fcr die Ausbildungen zum\/zur Brandmeister\/in bzw. zum\/zur Notfallsanit\u00e4ter\/in<\/a><\/p>\n<p>&nbsp;<\/p>\n<h3><\/h3>\n<p>&nbsp;<br \/>\n&nbsp;<\/p>\n<hr \/>\n<h3>An der Wache<\/h3>\n<p>F\u00fcr den Dienstsport\u00a0steht ein eigener Fitnessraum in der Feuer- und Rettungswache zur Verf\u00fcgung, der von hauptamtlichen wie freiwilligen Kameraden und Kameradinnen genutzt werden kann.<\/p>\n<p>Er ist mit verschiedenen Ger\u00e4ten ausgestattet, die unter anderem auch bei der Atemschutzbelastungspr\u00fcfung Verwendung finden. Viele Kameraden treffen sich au\u00dferdem zum gemeinsamen Joggen, zum Training f\u00fcr &#8222;Stairruns&#8220; oder bei anderen Sportarten.<\/p>\n<h3>&#8222;Fit mit der Feuerwehr&#8220;<\/h3>\n<p>Die Feuerwehr Ibbenb\u00fcren bietet ihren Kameradinnen und Kameraden \u201eFit mit der Feuerwehr\u201c an. Nachdem sich im Vorfeld einige Kameradinnen und Kameraden f\u00fcr eine Woche nach K\u00f6ln zur \u201eTrainerschulung\u201c begeben hatten, wurde f\u00fcr alle Interessierten an zwei Terminen eine Potenzialanalyse an der Feuer- und Rettungswache am Niedersachsenring durchgef\u00fchrt.<\/p>\n<p>Im Anschluss hat jeder Teilnehmer einen auf ihn zugeschnittenen Trainigsplan erhalten und kann dienstagabends am gemeinsamen Training teilnehmen. Gestartet wird jeweils um <strong>18:30 Uhr<\/strong> und nach ca. 1,5 Stunden kann man schon wieder geduscht mit dem Programm fertig sein.<\/p>\n<p>Unter der Anleitung von mindestens einem Trainer\/-in, der\/die bei den \u00dcbungen unterst\u00fctzt, Tipps gibt und das Aufw\u00e4rmen leitet, findet sich schon eine stattliche Anzahl von Teilnehmerinnen und Teilnehmer zu jedem Termin ein.<\/p>\n<p>Bei den \u00dcbungen werden nicht ausschlie\u00dflich Standard\u00fcbungen durchgef\u00fchrt, sondern gerne auch feuerwehrspezifische Aspekte zur Auflockerung mit eingebaut.<\/p>\n<p>In Ber\u00fccksichtigung der Hygienema\u00dfnahmen durch die Corona-Pandemie k\u00f6nnen zur Zeit jeweils 15 Teilnehmer pro Termin dabei sein. Eine Anmeldung erfolgt in der Gruppe per Doodle-Umfrage. Vor dem Sport muss ein Schnelltest durchgef\u00fchrt werden.<\/p>\n<p><strong>Wer noch keine Potenzialanalyse durchlaufen hat, oder einfach bisweilen noch keine Zeit hatte zu den Trainigseinheiten zu erscheinen, ist herzlich eingeladen, dieses jederzeit zu den angef\u00fchrten Terminen zu tun.<\/strong><\/p>\n\n\t\t<div id='gallery-1' class='gallery galleryid-107 gallery-columns-4 gallery-size-thumbnail gallery1'><script type=\"text\/javascript\">\r\n\/\/ <![CDATA[\r\n\tjQuery(document).ready(function () {\r\n\t\tjQuery(\".gallery1 a\").attr(\"rel\",\"gallery1\");\t\r\n\t\tjQuery('a[rel=\"gallery1\"]').colorbox({maxWidth:\"95%\", maxHeight:\"95%\",title: function(){ return jQuery(this).children().attr(\"alt\"); }, });\r\n\t});\r\n\/\/ ]]>\r\n<\/script>\n<dl class=\"gallery-item\">\n<dt class=\"gallery-icon\">\r\n<a href=\"https:\/\/www.feuerwehr-ibbenbueren.de\/wp-content\/uploads\/2021\/09\/FitmitderFeuerwehr_21092021_009.jpg\" title=\"\" rel=\"gallery1\"><img loading=\"lazy\" decoding=\"async\" src=\"https:\/\/www.feuerwehr-ibbenbueren.de\/wp-content\/uploads\/2021\/09\/FitmitderFeuerwehr_21092021_009-150x150.jpg\" width=\"150\" height=\"150\" alt=\"\" \/><\/a>\r\n<\/dt><\/dl><dl class=\"gallery-item\">\n<dt class=\"gallery-icon\">\r\n<a href=\"https:\/\/www.feuerwehr-ibbenbueren.de\/wp-content\/uploads\/2021\/09\/FitmitderFeuerwehr_21092021_008.jpg\" title=\"\" rel=\"gallery1\"><img loading=\"lazy\" decoding=\"async\" src=\"https:\/\/www.feuerwehr-ibbenbueren.de\/wp-content\/uploads\/2021\/09\/FitmitderFeuerwehr_21092021_008-150x150.jpg\" width=\"150\" height=\"150\" alt=\"\" \/><\/a>\r\n<\/dt><\/dl><dl class=\"gallery-item\">\n<dt class=\"gallery-icon\">\r\n<a href=\"https:\/\/www.feuerwehr-ibbenbueren.de\/wp-content\/uploads\/2021\/09\/FitmitderFeuerwehr_21092021_007.jpg\" title=\"\" rel=\"gallery1\"><img loading=\"lazy\" decoding=\"async\" src=\"https:\/\/www.feuerwehr-ibbenbueren.de\/wp-content\/uploads\/2021\/09\/FitmitderFeuerwehr_21092021_007-150x150.jpg\" width=\"150\" height=\"150\" alt=\"\" \/><\/a>\r\n<\/dt><\/dl><dl class=\"gallery-item\">\n<dt class=\"gallery-icon\">\r\n<a href=\"https:\/\/www.feuerwehr-ibbenbueren.de\/wp-content\/uploads\/2021\/09\/FitmitderFeuerwehr_21092021_006.jpg\" title=\"\" rel=\"gallery1\"><img loading=\"lazy\" decoding=\"async\" src=\"https:\/\/www.feuerwehr-ibbenbueren.de\/wp-content\/uploads\/2021\/09\/FitmitderFeuerwehr_21092021_006-150x150.jpg\" width=\"150\" height=\"150\" alt=\"\" \/><\/a>\r\n<\/dt><\/dl><br style=\"clear: both\" \/><dl class=\"gallery-item\">\n<dt class=\"gallery-icon\">\r\n<a href=\"https:\/\/www.feuerwehr-ibbenbueren.de\/wp-content\/uploads\/2021\/09\/FitmitderFeuerwehr_21092021_005.jpg\" title=\"\" rel=\"gallery1\"><img loading=\"lazy\" decoding=\"async\" src=\"https:\/\/www.feuerwehr-ibbenbueren.de\/wp-content\/uploads\/2021\/09\/FitmitderFeuerwehr_21092021_005-150x150.jpg\" width=\"150\" height=\"150\" alt=\"\" \/><\/a>\r\n<\/dt><\/dl><dl class=\"gallery-item\">\n<dt class=\"gallery-icon\">\r\n<a href=\"https:\/\/www.feuerwehr-ibbenbueren.de\/wp-content\/uploads\/2021\/09\/FitmitderFeuerwehr_21092021_004.jpg\" title=\"\" rel=\"gallery1\"><img loading=\"lazy\" decoding=\"async\" src=\"https:\/\/www.feuerwehr-ibbenbueren.de\/wp-content\/uploads\/2021\/09\/FitmitderFeuerwehr_21092021_004-150x150.jpg\" width=\"150\" height=\"150\" alt=\"\" \/><\/a>\r\n<\/dt><\/dl><dl class=\"gallery-item\">\n<dt class=\"gallery-icon\">\r\n<a href=\"https:\/\/www.feuerwehr-ibbenbueren.de\/wp-content\/uploads\/2021\/09\/FitmitderFeuerwehr_21092021_003.jpg\" title=\"\" rel=\"gallery1\"><img loading=\"lazy\" decoding=\"async\" src=\"https:\/\/www.feuerwehr-ibbenbueren.de\/wp-content\/uploads\/2021\/09\/FitmitderFeuerwehr_21092021_003-150x150.jpg\" width=\"150\" height=\"150\" alt=\"\" \/><\/a>\r\n<\/dt><\/dl><dl class=\"gallery-item\">\n<dt class=\"gallery-icon\">\r\n<a href=\"https:\/\/www.feuerwehr-ibbenbueren.de\/wp-content\/uploads\/2021\/09\/FitmitderFeuerwehr_21092021_002.jpg\" title=\"\" rel=\"gallery1\"><img loading=\"lazy\" decoding=\"async\" src=\"https:\/\/www.feuerwehr-ibbenbueren.de\/wp-content\/uploads\/2021\/09\/FitmitderFeuerwehr_21092021_002-150x150.jpg\" width=\"150\" height=\"150\" alt=\"\" \/><\/a>\r\n<\/dt><\/dl><br style=\"clear: both\" \/><dl class=\"gallery-item\">\n<dt class=\"gallery-icon\">\r\n<a href=\"https:\/\/www.feuerwehr-ibbenbueren.de\/wp-content\/uploads\/2021\/09\/FitmitderFeuerwehr_21092021_001.jpg\" title=\"\" rel=\"gallery1\"><img loading=\"lazy\" decoding=\"async\" src=\"https:\/\/www.feuerwehr-ibbenbueren.de\/wp-content\/uploads\/2021\/09\/FitmitderFeuerwehr_21092021_001-150x150.jpg\" width=\"150\" height=\"150\" alt=\"\" \/><\/a>\r\n<\/dt><\/dl><dl class=\"gallery-item\">\n<dt class=\"gallery-icon\">\r\n<a href=\"https:\/\/www.feuerwehr-ibbenbueren.de\/wp-content\/uploads\/2019\/08\/FitmitderFeuerwehr_210819_007.jpg\" title=\"\" rel=\"gallery1\"><img loading=\"lazy\" decoding=\"async\" src=\"https:\/\/www.feuerwehr-ibbenbueren.de\/wp-content\/uploads\/2019\/08\/FitmitderFeuerwehr_210819_007-150x150.jpg\" width=\"150\" height=\"150\" alt=\"\" \/><\/a>\r\n<\/dt><\/dl><dl class=\"gallery-item\">\n<dt class=\"gallery-icon\">\r\n<a href=\"https:\/\/www.feuerwehr-ibbenbueren.de\/wp-content\/uploads\/2019\/08\/FitmitderFeuerwehr_210819_006.jpg\" title=\"\" rel=\"gallery1\"><img loading=\"lazy\" decoding=\"async\" src=\"https:\/\/www.feuerwehr-ibbenbueren.de\/wp-content\/uploads\/2019\/08\/FitmitderFeuerwehr_210819_006-150x150.jpg\" width=\"150\" height=\"150\" alt=\"\" \/><\/a>\r\n<\/dt><\/dl><dl class=\"gallery-item\">\n<dt class=\"gallery-icon\">\r\n<a href=\"https:\/\/www.feuerwehr-ibbenbueren.de\/wp-content\/uploads\/2019\/08\/FitmitderFeuerwehr_210819_005.jpg\" title=\"\" rel=\"gallery1\"><img loading=\"lazy\" decoding=\"async\" src=\"https:\/\/www.feuerwehr-ibbenbueren.de\/wp-content\/uploads\/2019\/08\/FitmitderFeuerwehr_210819_005-150x150.jpg\" width=\"150\" height=\"150\" alt=\"\" \/><\/a>\r\n<\/dt><\/dl><br style=\"clear: both\" \/><dl class=\"gallery-item\">\n<dt class=\"gallery-icon\">\r\n<a href=\"https:\/\/www.feuerwehr-ibbenbueren.de\/wp-content\/uploads\/2019\/08\/FitmitderFeuerwehr_210819_004.jpg\" title=\"\" rel=\"gallery1\"><img loading=\"lazy\" decoding=\"async\" src=\"https:\/\/www.feuerwehr-ibbenbueren.de\/wp-content\/uploads\/2019\/08\/FitmitderFeuerwehr_210819_004-150x150.jpg\" width=\"150\" height=\"150\" alt=\"\" \/><\/a>\r\n<\/dt><\/dl><dl class=\"gallery-item\">\n<dt class=\"gallery-icon\">\r\n<a href=\"https:\/\/www.feuerwehr-ibbenbueren.de\/wp-content\/uploads\/2019\/08\/FitmitderFeuerwehr_210819_003.jpg\" title=\"\" rel=\"gallery1\"><img loading=\"lazy\" decoding=\"async\" src=\"https:\/\/www.feuerwehr-ibbenbueren.de\/wp-content\/uploads\/2019\/08\/FitmitderFeuerwehr_210819_003-150x150.jpg\" width=\"150\" height=\"150\" alt=\"\" \/><\/a>\r\n<\/dt><\/dl><dl class=\"gallery-item\">\n<dt class=\"gallery-icon\">\r\n<a href=\"https:\/\/www.feuerwehr-ibbenbueren.de\/wp-content\/uploads\/2019\/08\/FitmitderFeuerwehr_210819_002.jpg\" title=\"\" rel=\"gallery1\"><img loading=\"lazy\" decoding=\"async\" src=\"https:\/\/www.feuerwehr-ibbenbueren.de\/wp-content\/uploads\/2019\/08\/FitmitderFeuerwehr_210819_002-150x150.jpg\" width=\"150\" height=\"150\" alt=\"\" \/><\/a>\r\n<\/dt><\/dl><dl class=\"gallery-item\">\n<dt class=\"gallery-icon\">\r\n<a href=\"https:\/\/www.feuerwehr-ibbenbueren.de\/wp-content\/uploads\/2019\/08\/FitmitderFeuerwehr_210819_001.jpg\" title=\"\" rel=\"gallery1\"><img loading=\"lazy\" decoding=\"async\" src=\"https:\/\/www.feuerwehr-ibbenbueren.de\/wp-content\/uploads\/2019\/08\/FitmitderFeuerwehr_210819_001-150x150.jpg\" width=\"150\" height=\"150\" alt=\"\" \/><\/a>\r\n<\/dt><\/dl><br style=\"clear: both\" \/>\r\n\t\t<\/div>\n\n<h3>Fu\u00dfballturniere<\/h3>\n<p>Fast in jedem Jahr finden Fu\u00dfballturniere von Feuerwehren f\u00fcr Feuerwehren statt. Nat\u00fcrlich l\u00e4sst sich auch die Feuerwehr Ibbenb\u00fcren so etwas nicht entgehen und konnte schon den einen oder anderen Erfolg einfahren. Au\u00dferdem veranstalten wir einmal im Jahr ein internes Fu\u00dfballturnier, bei dem sich Mannschaften der Aktiven, der Hauptamtlichen und der Jugendfeuerwehr gegen\u00fcberstehen.<\/p>\n","protected":false},"excerpt":{"rendered":"<p>F\u00fcr den Dienstsport steht ein eigener Fitnessraum in der Feuer- und Rettungswache zur Verf\u00fcgung.<\/p>\n","protected":false},"author":3,"featured_media":1243,"parent":639,"menu_order":2,"comment_status":"open","ping_status":"closed","template":"","meta":{"footnotes":""},"class_list":["post-107","page","type-page","status-publish","has-post-thumbnail","hentry"],"_links":{"self":[{"href":"https:\/\/www.feuerwehr-ibbenbueren.de\/index.php?rest_route=\/wp\/v2\/pages\/107","targetHints":{"allow":["GET"]}}],"collection":[{"href":"https:\/\/www.feuerwehr-ibbenbueren.de\/index.php?rest_route=\/wp\/v2\/pages"}],"about":[{"href":"https:\/\/www.feuerwehr-ibbenbueren.de\/index.php?rest_route=\/wp\/v2\/types\/page"}],"author":[{"embeddable":true,"href":"https:\/\/www.feuerwehr-ibbenbueren.de\/index.php?rest_route=\/wp\/v2\/users\/3"}],"replies":[{"embeddable":true,"href":"https:\/\/www.feuerwehr-ibbenbueren.de\/index.php?rest_route=%2Fwp%2Fv2%2Fcomments&post=107"}],"version-history":[{"count":64,"href":"https:\/\/www.feuerwehr-ibbenbueren.de\/index.php?rest_route=\/wp\/v2\/pages\/107\/revisions"}],"predecessor-version":[{"id":34836,"href":"https:\/\/www.feuerwehr-ibbenbueren.de\/index.php?rest_route=\/wp\/v2\/pages\/107\/revisions\/34836"}],"up":[{"embeddable":true,"href":"https:\/\/www.feuerwehr-ibbenbueren.de\/index.php?rest_route=\/wp\/v2\/pages\/639"}],"wp:featuredmedia":[{"embeddable":true,"href":"https:\/\/www.feuerwehr-ibbenbueren.de\/index.php?rest_route=\/wp\/v2\/media\/1243"}],"wp:attachment":[{"href":"https:\/\/www.feuerwehr-ibbenbueren.de\/index.php?rest_route=%2Fwp%2Fv2%2Fmedia&parent=107"}],"curies":[{"name":"wp","href":"https:\/\/api.w.org\/{rel}","templated":true}]}}