{"id":122,"date":"2015-02-14T19:27:17","date_gmt":"2015-02-14T19:27:17","guid":{"rendered":"http:\/\/www.feuerwehr-ibbenbueren.de\/?page_id=122"},"modified":"2024-03-26T13:33:35","modified_gmt":"2024-03-26T12:33:35","slug":"impressum","status":"publish","type":"page","link":"https:\/\/www.feuerwehr-ibbenbueren.de\/?page_id=122","title":{"rendered":"Impressum"},"content":{"rendered":"<h3><strong>Impressum<\/strong><\/h3>\n<p><strong>Diensteanbieter dieser Website gem\u00e4\u00df \u00a7 5 TMG:<\/strong><br \/>\nVerband der Feuerwehr in der Stadt Ibbenb\u00fcren e.V. (Stadtfeuerwehrverband Ibbenb\u00fcren e.V.)<br \/>\nNiedersachsenring 90<br \/>\n49477 Ibbenb\u00fcren<\/p>\n<p><strong>Vertreten durch:<\/strong><br \/>\nMarko Lammerskitten (Vorsitzender)<\/p>\n<p><strong>Kontakt:<\/strong><br \/>\nTelefon: +49(0)5451 94 29-0<br \/>\nE-Mail: info@feuerwehr-ibbenbueren.de<\/p>\n<p><strong>Rechtsform:<br \/>\n<\/strong>Der Stadtfeuerwehrverband Ibbenb\u00fcren e.V. ist eine gemeinn\u00fctzig anerkannte K\u00f6rperschaft.<br \/>\nSteuernummer 327\/5959\/0027 \u2013 Finanzamt Ibbenb\u00fcren vom 18.08.2022<\/p>\n<p><strong>Registereintrag:<\/strong><br \/>\nEintragung im Vereinsregister.<br \/>\nRegistergericht:Amtsgericht Steinfurt<br \/>\nRegisternummer: VR 10546<\/p>\n<p><strong>Verantwortlich f\u00fcr den Inhalt nach \u00a7 55 Abs. 2 RStV:<\/strong><br \/>\nMarko Lammerskitten<br \/>\nNiedersachsenring 90<br \/>\n49477 Ibbenb\u00fcren<\/p>\n<p><strong>Quellenangaben f\u00fcr die verwendeten Bilder und Grafiken:<\/strong><br \/>\n<a href=\"https:\/\/de.fotolia.com\">https:\/\/de.fotolia.com<\/a><br \/>\n\u00a9 macrovector \/ Fotolia.com (Symbole in der Einsatzdokumentation)<br \/>\n\u00a9 bahram7 \/ Fotolia.com (Personensymbol bei Mannschaft\/Personal)<br \/>\n\u00a9 Steve Degenhardt \/ Fotolia.com (Schultafel bei Veranstaltungen\/Termine)<br \/>\n\u00a9 Chrstian Jung \/ Fotolia.com (Weihnachtsgeb\u00e4ck bei Veranstaltungen\/Termine)<br \/>\n\u00a9 danskfotografie \/ Fotolia.com (Kalenderbuch bei Veranstaltungen\/Termine)<br \/>\n\u00a9 Linda Bucklin \/ Fotolia.com (Weihnachtsbaum mit Textband bei Veranstaltungen\/Termine)<br \/>\n\u00a9 James Thew \/ Fotolia.com (Feuerwerk bei Veranstaltungen\/Termine)<\/p>\n<p><a href=\"https:\/\/www.ivz-aktuell.de\">https:\/\/www.ivz-aktuell.de<\/a><br \/>\n\u00a9 Ibbenb\u00fcrener Volkszeitung<\/p>\n<p>Alle \u00fcbrigen Bilder, wenn nicht anders angegeben<br \/>\n\u00a9 Feuerwehr Ibbenb\u00fcren<\/p>\n<p><strong>Dieses Impressum gilt auch f\u00fcr folgende Profile: <\/strong><br \/>\nFacebook: https:\/\/www.facebook.com\/FeuerwehrIbb\/<br \/>\nInstagram: https:\/\/www.instagram.com\/feuerwehr_ibbenbueren\/<\/p>\n<p><strong>Haftungsausschluss &#8211; Disclaimer:<\/strong><\/p>\n<p><strong>Haftung f\u00fcr Inhalte<\/strong><br \/>\nAls Diensteanbieter sind wir gem\u00e4\u00df \u00a7 7 Abs. 1 TMG f\u00fcr eigene Inhalte auf diesen Seiten nach den allgemeinen Gesetzen verantwortlich. Nach \u00a7\u00a7 8 bis 10 TMG sind wir als Diensteanbieter jedoch nicht verpflichtet, \u00fcbermittelte oder gespeicherte fremde Informationen zu \u00dcberwachen oder nach Umst\u00e4nden zu forschen, die auf eine rechtswidrige T\u00e4tigkeit hinweisen. Verpflichtungen zur Entfernung oder Sperrung von Informationen nach den allgemeinen Gesetzen bleiben hiervon unber\u00fchrt. Eine diesbez\u00fcgliche Haftung ist jedoch erst ab dem Zeitpunkt der Kenntnis einer konkreten Rechtsverletzung m\u00f6glich. Bei Bekanntwerden von entsprechenden Rechtsverletzungen werden wir diese Inhalte umgehend entfernen.<\/p>\n<p><strong>Haftungsbeschr\u00e4nkung f\u00fcr externe Links<\/strong><br \/>\nUnser Angebot enth\u00e4lt Links zu externen Webseiten Dritter, auf deren Inhalte wir keinen Einfluss haben. Deshalb k\u00f6nnen wir f\u00fcr diese fremden Inhalte auch keine Gew\u00e4hr \u00fcbernehmen. F\u00fcr die Inhalte der verlinkten Seiten ist stets der jeweilige Anbieter oder Betreiber der Seiten verantwortlich. Die verlinkten Seiten wurden zum Zeitpunkt der Verlinkung auf m\u00f6gliche Rechtsverst\u00f6\u00dfe \u00fcberpr\u00fcft. Rechtswidrige Inhalte waren zum Zeitpunkt der Verlinkung nicht erkennbar. Eine permanente inhaltliche Kontrolle der verlinkten Seiten ist jedoch ohne konkrete Anhaltspunkte einer Rechtsverletzung nicht zumutbar. Bei Bekanntwerden von Rechtsverletzungen werden wir derartige Links umgehend entfernen.<\/p>\n<p><strong>Urheberrecht<\/strong><br \/>\nDie durch die Seitenbetreiber erstellten Inhalte und Werke auf diesen Seiten unterliegen dem deutschen Urheberrecht. Die Vervielf\u00e4ltigung, Bearbeitung, Verbreitung und jede Art der Verwertung au\u00dferhalb der Grenzen des Urheberrechtes bed\u00fcrfen der schriftlichen Zustimmung des jeweiligen Autors bzw. Erstellers. Downloads und Kopien dieser Seite sind nur f\u00fcr den privaten, nicht kommerziellen Gebrauch gestattet. Soweit die Inhalte auf dieser Seite nicht vom Betreiber erstellt wurden, werden die Urheberrechte Dritter beachtet. Insbesondere werden Inhalte Dritter als solche gekennzeichnet. Sollten Sie trotzdem auf eine Urheberrechtsverletzung aufmerksam werden, bitten wir um einen entsprechenden Hinweis. Bei Bekanntwerden von Rechtsverletzungen werden wir derartige Inhalte umgehend entfernen.<\/p>\n<p>Quellen: <a href=\"https:\/\/e-recht24.de\">eRecht24<\/a> und <a href=\"https:\/\/www.kaaw.de\">KAAW<\/a><\/p>\n<p><strong>Hinweis zur Lesbarkeit<\/strong><br \/>\nAus Gr\u00fcnden der besseren Lesbarkeit verwenden wir in unseren Medien die Sprachform des generischen Maskulinums. Wir weisen darauf hin, dass die ausschlie\u00dfliche Verwendung der m\u00e4nnlichen Form geschlechtsunabh\u00e4ngig verstanden werden soll.<\/p>\n<p>&nbsp;<\/p>\n","protected":false},"excerpt":{"rendered":"<p>Impressumsangaben gem. \u00a75 TMG (Telemediengesetzt), Kontaktinformationen, gesetzliche Pflichtangaben.<\/p>\n","protected":false},"author":4,"featured_media":0,"parent":0,"menu_order":0,"comment_status":"open","ping_status":"open","template":"","meta":{"footnotes":""},"class_list":["post-122","page","type-page","status-publish","hentry"],"_links":{"self":[{"href":"https:\/\/www.feuerwehr-ibbenbueren.de\/index.php?rest_route=\/wp\/v2\/pages\/122","targetHints":{"allow":["GET"]}}],"collection":[{"href":"https:\/\/www.feuerwehr-ibbenbueren.de\/index.php?rest_route=\/wp\/v2\/pages"}],"about":[{"href":"https:\/\/www.feuerwehr-ibbenbueren.de\/index.php?rest_route=\/wp\/v2\/types\/page"}],"author":[{"embeddable":true,"href":"https:\/\/www.feuerwehr-ibbenbueren.de\/index.php?rest_route=\/wp\/v2\/users\/4"}],"replies":[{"embeddable":true,"href":"https:\/\/www.feuerwehr-ibbenbueren.de\/index.php?rest_route=%2Fwp%2Fv2%2Fcomments&post=122"}],"version-history":[{"count":96,"href":"https:\/\/www.feuerwehr-ibbenbueren.de\/index.php?rest_route=\/wp\/v2\/pages\/122\/revisions"}],"predecessor-version":[{"id":34384,"href":"https:\/\/www.feuerwehr-ibbenbueren.de\/index.php?rest_route=\/wp\/v2\/pages\/122\/revisions\/34384"}],"wp:attachment":[{"href":"https:\/\/www.feuerwehr-ibbenbueren.de\/index.php?rest_route=%2Fwp%2Fv2%2Fmedia&parent=122"}],"curies":[{"name":"wp","href":"https:\/\/api.w.org\/{rel}","templated":true}]}}