{"id":1381,"date":"2015-07-05T11:49:31","date_gmt":"2015-07-05T11:49:31","guid":{"rendered":"http:\/\/www.feuerwehr-ibbenbueren.de\/?page_id=1381"},"modified":"2016-02-28T15:39:25","modified_gmt":"2016-02-28T14:39:25","slug":"atemschutzwerkstatt","status":"publish","type":"page","link":"https:\/\/www.feuerwehr-ibbenbueren.de\/?page_id=1381","title":{"rendered":"Atemschutzwerkstatt \/ Kleiderkammer"},"content":{"rendered":"<h3>Atemschutz<\/h3>\n<p><span style=\"font-size: medium;\">In der Atemschutzwerkstatt werden die Atemschutzger\u00e4te und Atemschutzmasken der Feuerwehr Ibbenb\u00fcren gereinigt\/desinfiziert, gewartet und gepr\u00fcft. Au\u00dferdem werden hier auch die Halbjahrespr\u00fcfungen an Atemschutzger\u00e4ten f\u00fcr andere Feuerwehren, sowie f\u00fcr verschiedene gewerbliche Unternehmen durchgef\u00fchrt. Die Atemschutzwerkstatt ist f\u00fcr den \u201eGer\u00e4tewagen Atemschutz\u201c des Kreises Steinfurt, der in Ibbenb\u00fcren stationiert ist, verantwortlich.\u00a0<\/span><span style=\"font-size: medium;\">Auch Chemikalienschutzanz\u00fcge werden hier einsatzbereit gehalten.<\/span><\/p>\n<p><span style=\"font-size: medium;\">Die Atemschutzger\u00e4tewarte sind im Tagesdienst eingesetzt und r\u00fccken bei Feuerwehreins\u00e4tzen mit aus.\u00a0<\/span><span style=\"font-size: medium;\">Sie werden durch Atemschutzger\u00e4tewarte aus dem Schichtdienst unterst\u00fctzt.<\/span><\/p>\n<h3>Kleiderkammer<\/h3>\n<p>In der Kleiderkammer der Feuerwehr Ibbenb\u00fcren werden die hauptamtlichen sowie die ehrenamtlichen\u00a0Kameradinnen und Kameraden mit Uniformen und Einsatzbekleidung ausgestattet.<\/p>\n","protected":false},"excerpt":{"rendered":"<p>In der Atemschutzwerkstatt werden die Atemschutzger\u00e4te und Atemschutzmasken der Feuerwehr Ibbenb\u00fcren gereinigt\/desinfiziert, gewartet und gepr\u00fcft. <\/p>\n","protected":false},"author":2,"featured_media":0,"parent":963,"menu_order":1,"comment_status":"open","ping_status":"closed","template":"","meta":{"footnotes":""},"class_list":["post-1381","page","type-page","status-publish","hentry"],"_links":{"self":[{"href":"https:\/\/www.feuerwehr-ibbenbueren.de\/index.php?rest_route=\/wp\/v2\/pages\/1381","targetHints":{"allow":["GET"]}}],"collection":[{"href":"https:\/\/www.feuerwehr-ibbenbueren.de\/index.php?rest_route=\/wp\/v2\/pages"}],"about":[{"href":"https:\/\/www.feuerwehr-ibbenbueren.de\/index.php?rest_route=\/wp\/v2\/types\/page"}],"author":[{"embeddable":true,"href":"https:\/\/www.feuerwehr-ibbenbueren.de\/index.php?rest_route=\/wp\/v2\/users\/2"}],"replies":[{"embeddable":true,"href":"https:\/\/www.feuerwehr-ibbenbueren.de\/index.php?rest_route=%2Fwp%2Fv2%2Fcomments&post=1381"}],"version-history":[{"count":9,"href":"https:\/\/www.feuerwehr-ibbenbueren.de\/index.php?rest_route=\/wp\/v2\/pages\/1381\/revisions"}],"predecessor-version":[{"id":5383,"href":"https:\/\/www.feuerwehr-ibbenbueren.de\/index.php?rest_route=\/wp\/v2\/pages\/1381\/revisions\/5383"}],"up":[{"embeddable":true,"href":"https:\/\/www.feuerwehr-ibbenbueren.de\/index.php?rest_route=\/wp\/v2\/pages\/963"}],"wp:attachment":[{"href":"https:\/\/www.feuerwehr-ibbenbueren.de\/index.php?rest_route=%2Fwp%2Fv2%2Fmedia&parent=1381"}],"curies":[{"name":"wp","href":"https:\/\/api.w.org\/{rel}","templated":true}]}}