{"id":1392,"date":"2015-07-05T12:03:12","date_gmt":"2015-07-05T12:03:12","guid":{"rendered":"http:\/\/www.feuerwehr-ibbenbueren.de\/?page_id=1392"},"modified":"2016-02-28T15:42:12","modified_gmt":"2016-02-28T14:42:12","slug":"elektrowerkstatt-funkwerkstatt","status":"publish","type":"page","link":"https:\/\/www.feuerwehr-ibbenbueren.de\/?page_id=1392","title":{"rendered":"Elektrowerkstatt \/ Funkwerkstatt"},"content":{"rendered":"<h3>Elektrowerkstatt<\/h3>\n<p><span style=\"font-size: medium;\">In der Elektrowerkstatt sind die Elektriker des Schichtdienstes t\u00e4tig. Sie pr\u00fcfen die elektrischen Ger\u00e4te. Auch Reparaturarbeiten an der Geb\u00e4udeelektrik oder Fahrzeugelektronik werden durch die Elektriker durchgef\u00fchrt.<\/span><\/p>\n<p>&nbsp;<\/p>\n<h3>Funkwerkstatt<\/h3>\n<p><span style=\"font-size: medium;\">Der komplette Digitalfunk auf den Fahrzeugen der Feuerwehr Ibbenb\u00fcren wurde durch die Elektriker in Eigenleistung eingebaut.<\/span><\/p>\n","protected":false},"excerpt":{"rendered":"<p>In der Elektrowerkstatt sind die Elektriker des Schichtdienstes t\u00e4tig. Der komplette Digitalfunk auf den Fahrzeugen der Feuerwehr Ibbenb\u00fcren wurde durch die Elektriker in Eigenleistung eingebaut.<\/p>\n","protected":false},"author":2,"featured_media":0,"parent":963,"menu_order":3,"comment_status":"open","ping_status":"closed","template":"","meta":{"footnotes":""},"class_list":["post-1392","page","type-page","status-publish","hentry"],"_links":{"self":[{"href":"https:\/\/www.feuerwehr-ibbenbueren.de\/index.php?rest_route=\/wp\/v2\/pages\/1392","targetHints":{"allow":["GET"]}}],"collection":[{"href":"https:\/\/www.feuerwehr-ibbenbueren.de\/index.php?rest_route=\/wp\/v2\/pages"}],"about":[{"href":"https:\/\/www.feuerwehr-ibbenbueren.de\/index.php?rest_route=\/wp\/v2\/types\/page"}],"author":[{"embeddable":true,"href":"https:\/\/www.feuerwehr-ibbenbueren.de\/index.php?rest_route=\/wp\/v2\/users\/2"}],"replies":[{"embeddable":true,"href":"https:\/\/www.feuerwehr-ibbenbueren.de\/index.php?rest_route=%2Fwp%2Fv2%2Fcomments&post=1392"}],"version-history":[{"count":6,"href":"https:\/\/www.feuerwehr-ibbenbueren.de\/index.php?rest_route=\/wp\/v2\/pages\/1392\/revisions"}],"predecessor-version":[{"id":5386,"href":"https:\/\/www.feuerwehr-ibbenbueren.de\/index.php?rest_route=\/wp\/v2\/pages\/1392\/revisions\/5386"}],"up":[{"embeddable":true,"href":"https:\/\/www.feuerwehr-ibbenbueren.de\/index.php?rest_route=\/wp\/v2\/pages\/963"}],"wp:attachment":[{"href":"https:\/\/www.feuerwehr-ibbenbueren.de\/index.php?rest_route=%2Fwp%2Fv2%2Fmedia&parent=1392"}],"curies":[{"name":"wp","href":"https:\/\/api.w.org\/{rel}","templated":true}]}}