{"id":23216,"date":"2021-01-09T16:01:08","date_gmt":"2021-01-09T15:01:08","guid":{"rendered":"https:\/\/www.feuerwehr-ibbenbueren.de\/?page_id=23216"},"modified":"2021-01-09T16:20:09","modified_gmt":"2021-01-09T15:20:09","slug":"stadtmitte_1-copy-3-copy","status":"publish","type":"page","link":"https:\/\/www.feuerwehr-ibbenbueren.de\/?page_id=23216","title":{"rendered":"L\u00f6schgruppenfahrzeug LF 8\/6 a.D."},"content":{"rendered":"<p><img loading=\"lazy\" decoding=\"async\" class=\"aligncenter wp-image-4092\" src=\"https:\/\/www.feuerwehr-ibbenbueren.de\/wp-content\/uploads\/2015\/12\/FL-Ibb-2-LF10.jpg\" alt=\"FL-Ibb-2-LF10\" width=\"540\" height=\"360\" srcset=\"https:\/\/www.feuerwehr-ibbenbueren.de\/wp-content\/uploads\/2015\/12\/FL-Ibb-2-LF10.jpg 800w, https:\/\/www.feuerwehr-ibbenbueren.de\/wp-content\/uploads\/2015\/12\/FL-Ibb-2-LF10-300x200.jpg 300w, https:\/\/www.feuerwehr-ibbenbueren.de\/wp-content\/uploads\/2015\/12\/FL-Ibb-2-LF10-768x512.jpg 768w, https:\/\/www.feuerwehr-ibbenbueren.de\/wp-content\/uploads\/2015\/12\/FL-Ibb-2-LF10-250x167.jpg 250w, https:\/\/www.feuerwehr-ibbenbueren.de\/wp-content\/uploads\/2015\/12\/FL-Ibb-2-LF10-740x494.jpg 740w, https:\/\/www.feuerwehr-ibbenbueren.de\/wp-content\/uploads\/2015\/12\/FL-Ibb-2-LF10-570x381.jpg 570w\" sizes=\"auto, (max-width: 540px) 100vw, 540px\" \/><\/p>\n<h3>Daten<\/h3>\n<table>\n<tbody>\n<tr>\n<td class=\"eins\">Fahrzeuggruppe<\/td>\n<td class=\"zwei\">L\u00f6schfahrzeuge<\/td>\n<\/tr>\n<tr>\n<td class=\"eins\">Funkrufname<\/td>\n<td class=\"zwei\">FL-Ibb-2-LF10<\/td>\n<\/tr>\n<tr>\n<td class=\"eins\">Standort<\/td>\n<td class=\"zwei\">Laggenbeck<\/td>\n<\/tr>\n<tr>\n<td class=\"eins\">Besatzung<\/td>\n<td class=\"zwei\">8 (1\/7 &#8211; Gruppe)<\/td>\n<\/tr>\n<tr>\n<td class=\"eins\">Baujahr<\/td>\n<td class=\"zwei\">1996<\/td>\n<\/tr>\n<tr>\n<td class=\"eins\">Leistung<\/td>\n<td class=\"zwei\">125 kW (170 PS)<\/td>\n<\/tr>\n<tr>\n<td class=\"eins\">Fahrgestell<\/td>\n<td class=\"zwei\">Mercedes<\/td>\n<\/tr>\n<\/tbody>\n<\/table>\n<p>&nbsp;<\/p>\n<h3>Beschreibung<\/h3>\n<p>1997 wurde das bisherige LF 16 TS vom Katastrophenschutz wieder eingezogen und die Feuerwehr Ibbenb\u00fcren beschaffte als Ersatzfahrzeug ein gebrauchtes L\u00f6schgruppenfahrzeug 8\/6.\u00a0 Das Fahrzeug kam bei Br\u00e4nden und bei kleineren technische Hilfen zum Einsatz. Des Weiteren wurde es als Teil des ABC-Zuges der Feuerwehr Ibbenb\u00fcren bei ABC-Eins\u00e4tzen eingesetzt. Nach der Gr\u00fcndung der Jugendfeuerwehr und dem Austausch des LF 16 TS gegen einen ABC-Erkunder, kam das LF 8\/6 auch bei der Ausbildung der Jugendfeuerwehr zum Einsatz. Im August 2020 wurde das Fahrzeug nach 24 Jahren im L\u00f6schzug Laggenbeck, durch ein neues L\u00f6schgruppenfahrzeug 10 ersetzt. Dies war jedoch noch nicht das Ende f\u00fcr das LF 8\/6 in der Feuerwehr Ibbenb\u00fcren. Es wurde an die Feuer- und Rettungswache f\u00fcr die Ausbildung der Brandmeisteranw\u00e4rter weitergegeben. Hier verrichtet das Fahrzeug weiterhin seinen Dienst.<\/p>\n<p>&nbsp;<\/p>\n","protected":false},"excerpt":{"rendered":"<p>Der L\u00f6schzug Stadtmitte 1 der Feuerwehr Ibbenb\u00fcren.<\/p>\n","protected":false},"author":11,"featured_media":0,"parent":6360,"menu_order":3,"comment_status":"open","ping_status":"closed","template":"","meta":{"footnotes":""},"class_list":["post-23216","page","type-page","status-publish","hentry"],"_links":{"self":[{"href":"https:\/\/www.feuerwehr-ibbenbueren.de\/index.php?rest_route=\/wp\/v2\/pages\/23216","targetHints":{"allow":["GET"]}}],"collection":[{"href":"https:\/\/www.feuerwehr-ibbenbueren.de\/index.php?rest_route=\/wp\/v2\/pages"}],"about":[{"href":"https:\/\/www.feuerwehr-ibbenbueren.de\/index.php?rest_route=\/wp\/v2\/types\/page"}],"author":[{"embeddable":true,"href":"https:\/\/www.feuerwehr-ibbenbueren.de\/index.php?rest_route=\/wp\/v2\/users\/11"}],"replies":[{"embeddable":true,"href":"https:\/\/www.feuerwehr-ibbenbueren.de\/index.php?rest_route=%2Fwp%2Fv2%2Fcomments&post=23216"}],"version-history":[{"count":2,"href":"https:\/\/www.feuerwehr-ibbenbueren.de\/index.php?rest_route=\/wp\/v2\/pages\/23216\/revisions"}],"predecessor-version":[{"id":23218,"href":"https:\/\/www.feuerwehr-ibbenbueren.de\/index.php?rest_route=\/wp\/v2\/pages\/23216\/revisions\/23218"}],"up":[{"embeddable":true,"href":"https:\/\/www.feuerwehr-ibbenbueren.de\/index.php?rest_route=\/wp\/v2\/pages\/6360"}],"wp:attachment":[{"href":"https:\/\/www.feuerwehr-ibbenbueren.de\/index.php?rest_route=%2Fwp%2Fv2%2Fmedia&parent=23216"}],"curies":[{"name":"wp","href":"https:\/\/api.w.org\/{rel}","templated":true}]}}