{"id":331,"date":"2015-03-08T15:00:57","date_gmt":"2015-03-08T15:00:57","guid":{"rendered":"http:\/\/www.feuerwehr-ibbenbueren.de\/?page_id=331"},"modified":"2022-09-27T09:03:46","modified_gmt":"2022-09-27T07:03:46","slug":"brandcontainer","status":"publish","type":"page","link":"https:\/\/www.feuerwehr-ibbenbueren.de\/?page_id=331","title":{"rendered":"Brandcontainer"},"content":{"rendered":"<h3>Der Brandcontainer<\/h3>\n<p>Die Feuerwehr Ibbenb\u00fcren besitzt seit M\u00e4rz 2005 eine eigene Rauchdurchz\u00fcndungsanlage (RDA) zur Darstellung aller Phasen eines Brandverlaufes und extremen Einsatzverh\u00e4ltnissen mit echtem Feuer.<\/p>\n<p>Die Ausbildung in der RDA erm\u00f6glicht den Feuerwehrleuten das fr\u00fchzeitige Erkennen von Gefahren und das richtige Reagieren auf diese.<\/p>\n<p>Es ist m\u00f6glich, hier \u00dcbungssituationen mit hohen Temperaturen zu erzeugen, denen die Einsatzkr\u00e4fte jederzeit bei Wohnungs- oder Zimmerbr\u00e4nden begegnen k\u00f6nnen. Dieses gibt uns die M\u00f6glichkeit, das taktische Vorgehen im Brandraum unter realit\u00e4tsnahen Bedingungen zu erproben und zu verbessern.<\/p>\n<p>Die Feuerwehr-Dienstvorschrift 7 (Atemschutz) schreibt eine j\u00e4hrliche Atemschutz-Einsatz\u00fcbung unter Realbedingungen vor, die hier in der RDA durchgef\u00fchrt werden kann.<\/p>\n<hr \/>\n<h3>Ablauf der Ausbildung<\/h3>\n<p>Die Ausbildung in der RDA in Ibbenb\u00fcren wird in Modulen durchgef\u00fchrt und erfolgt nach den Richtlinien des Arbeitskreises AGBF NW und des AA Schulung und Einsatz LFV NW.<\/p>\n<h4>Voraussetzung zur Teilnahme sind:<\/h4>\n<ul>\n<li>Uneingeschr\u00e4nkte Atemschutztauglichkeit<\/li>\n<li>Ausbildung zum Atemschutzger\u00e4tetr\u00e4ger<\/li>\n<li>Erfolgreiche \u00dcbungsteilnahme in der Atemschutz\u00fcbungsstrecke<\/li>\n<li>K\u00f6rperliche Fitness.<\/li>\n<\/ul>\n<p>Die Ausbildung erfolgt in zwei Modulen:<\/p>\n<h4>Modul 1<\/h4>\n<ul>\n<li>W\u00e4rmegew\u00f6hnung<\/li>\n<li>Erkennen der Grenzen der Schutzkleidung<\/li>\n<li>Erkennen einer stabilen Druck- und Temperaturverteilung (Neutrale Zone)<\/li>\n<li>Erkennen einer Rauchdurchz\u00fcndung<\/li>\n<li>Ma\u00dfnahmen ergreifen<\/li>\n<\/ul>\n<h4>Modul 2<\/h4>\n<ul>\n<li>\u00d6ffnen einer T\u00fcr zum Brandraum<\/li>\n<li>Temperaturcheck<\/li>\n<li>Offensiver L\u00f6schangriff<\/li>\n<li>Rauch k\u00fchlen<\/li>\n<li>Rauchdurchz\u00fcndung blocken<\/li>\n<\/ul>\n<p>Die Personenzahl dieser Module ist auf 10 Personen begrenzt.<\/p>\n<p>Im Rahmen der Grundausbildung werden Tagesseminare in der L\u00e4nge von 2 oder 3 Tagen durfchgef\u00fchrt. In deren Verlauf werden die theoretischen Grundlagen der Brandlehre und der Brandausbreitung insbesondere im Bezug auf Br\u00e4nden in geschlossenen R\u00e4umen aufgefrischt.<\/p>\n<p>Im weiteren Verlauf werden ca. 6 praktische \u00dcbungen in der RDA durchgef\u00fchrt. Ziel der \u00dcbungen ist es, Rauchdurchz\u00fcndungen zu erkennen, zu bek\u00e4mpfen und zu verhindern. An diesem Seminar k\u00f6nnen bis zu 18 Personen teilnehmen.<\/p>\n<p>R\u00fcckfragen bitte an Bernward Plake unter der Rufnummer 05451\/9429-16 oder per\u00a0<a title=\"Kontakt\" href=\"mailto:bernward.plake@feuerwehr-ibbenbueren.de?subject=Brandcontainer\">eMail<\/a><\/p>\n\n\t\t<div id='gallery-1' class='gallery galleryid-331 gallery-columns-4 gallery-size-thumbnail gallery1'><script type=\"text\/javascript\">\r\n\/\/ <![CDATA[\r\n\tjQuery(document).ready(function () {\r\n\t\tjQuery(\".gallery1 a\").attr(\"rel\",\"gallery1\");\t\r\n\t\tjQuery('a[rel=\"gallery1\"]').colorbox({maxWidth:\"95%\", maxHeight:\"95%\",title: function(){ return jQuery(this).children().attr(\"alt\"); }, });\r\n\t});\r\n\/\/ ]]>\r\n<\/script>\n<dl class=\"gallery-item\">\n<dt class=\"gallery-icon\">\r\n<a href=\"https:\/\/www.feuerwehr-ibbenbueren.de\/wp-content\/uploads\/2015\/03\/RDA_2.jpg\" title=\"\" rel=\"gallery1\"><img loading=\"lazy\" decoding=\"async\" src=\"https:\/\/www.feuerwehr-ibbenbueren.de\/wp-content\/uploads\/2015\/03\/RDA_2-150x150.jpg\" width=\"150\" height=\"150\" alt=\"\" \/><\/a>\r\n<\/dt><\/dl><dl class=\"gallery-item\">\n<dt class=\"gallery-icon\">\r\n<a href=\"https:\/\/www.feuerwehr-ibbenbueren.de\/wp-content\/uploads\/2015\/03\/RDA_3.jpg\" title=\"\" rel=\"gallery1\"><img loading=\"lazy\" decoding=\"async\" src=\"https:\/\/www.feuerwehr-ibbenbueren.de\/wp-content\/uploads\/2015\/03\/RDA_3-150x150.jpg\" width=\"150\" height=\"150\" alt=\"\" \/><\/a>\r\n<\/dt><\/dl><dl class=\"gallery-item\">\n<dt class=\"gallery-icon\">\r\n<a href=\"https:\/\/www.feuerwehr-ibbenbueren.de\/wp-content\/uploads\/2015\/03\/RDA_4.jpg\" title=\"\" rel=\"gallery1\"><img loading=\"lazy\" decoding=\"async\" src=\"https:\/\/www.feuerwehr-ibbenbueren.de\/wp-content\/uploads\/2015\/03\/RDA_4-150x150.jpg\" width=\"150\" height=\"150\" alt=\"\" \/><\/a>\r\n<\/dt><\/dl><dl class=\"gallery-item\">\n<dt class=\"gallery-icon\">\r\n<a href=\"https:\/\/www.feuerwehr-ibbenbueren.de\/wp-content\/uploads\/2015\/03\/RDA_5.jpg\" title=\"\" rel=\"gallery1\"><img loading=\"lazy\" decoding=\"async\" src=\"https:\/\/www.feuerwehr-ibbenbueren.de\/wp-content\/uploads\/2015\/03\/RDA_5-150x150.jpg\" width=\"150\" height=\"150\" alt=\"\" \/><\/a>\r\n<\/dt><\/dl><br style=\"clear: both\" \/><dl class=\"gallery-item\">\n<dt class=\"gallery-icon\">\r\n<a href=\"https:\/\/www.feuerwehr-ibbenbueren.de\/wp-content\/uploads\/2015\/03\/RDA_6.jpg\" title=\"\" rel=\"gallery1\"><img loading=\"lazy\" decoding=\"async\" src=\"https:\/\/www.feuerwehr-ibbenbueren.de\/wp-content\/uploads\/2015\/03\/RDA_6-150x150.jpg\" width=\"150\" height=\"150\" alt=\"\" \/><\/a>\r\n<\/dt><\/dl>\r\n\t\t\t<br style='clear: both' \/>\r\n\t\t<\/div>\n\n","protected":false},"excerpt":{"rendered":"<p>Rauchdurchz\u00fcndungsanlage (RDA) zur Darstellung aller Phasen eines Brandverlaufes und extremen Einsatzverh\u00e4ltnissen mit echtem Feuer.<\/p>\n","protected":false},"author":4,"featured_media":1244,"parent":639,"menu_order":3,"comment_status":"open","ping_status":"closed","template":"","meta":{"footnotes":""},"class_list":["post-331","page","type-page","status-publish","has-post-thumbnail","hentry"],"_links":{"self":[{"href":"https:\/\/www.feuerwehr-ibbenbueren.de\/index.php?rest_route=\/wp\/v2\/pages\/331","targetHints":{"allow":["GET"]}}],"collection":[{"href":"https:\/\/www.feuerwehr-ibbenbueren.de\/index.php?rest_route=\/wp\/v2\/pages"}],"about":[{"href":"https:\/\/www.feuerwehr-ibbenbueren.de\/index.php?rest_route=\/wp\/v2\/types\/page"}],"author":[{"embeddable":true,"href":"https:\/\/www.feuerwehr-ibbenbueren.de\/index.php?rest_route=\/wp\/v2\/users\/4"}],"replies":[{"embeddable":true,"href":"https:\/\/www.feuerwehr-ibbenbueren.de\/index.php?rest_route=%2Fwp%2Fv2%2Fcomments&post=331"}],"version-history":[{"count":21,"href":"https:\/\/www.feuerwehr-ibbenbueren.de\/index.php?rest_route=\/wp\/v2\/pages\/331\/revisions"}],"predecessor-version":[{"id":28872,"href":"https:\/\/www.feuerwehr-ibbenbueren.de\/index.php?rest_route=\/wp\/v2\/pages\/331\/revisions\/28872"}],"up":[{"embeddable":true,"href":"https:\/\/www.feuerwehr-ibbenbueren.de\/index.php?rest_route=\/wp\/v2\/pages\/639"}],"wp:featuredmedia":[{"embeddable":true,"href":"https:\/\/www.feuerwehr-ibbenbueren.de\/index.php?rest_route=\/wp\/v2\/media\/1244"}],"wp:attachment":[{"href":"https:\/\/www.feuerwehr-ibbenbueren.de\/index.php?rest_route=%2Fwp%2Fv2%2Fmedia&parent=331"}],"curies":[{"name":"wp","href":"https:\/\/api.w.org\/{rel}","templated":true}]}}