{"id":333,"date":"2015-03-08T15:01:46","date_gmt":"2015-03-08T15:01:46","guid":{"rendered":"http:\/\/www.feuerwehr-ibbenbueren.de\/?page_id=333"},"modified":"2016-02-28T14:36:13","modified_gmt":"2016-02-28T13:36:13","slug":"partnerfeuerwehr","status":"publish","type":"page","link":"https:\/\/www.feuerwehr-ibbenbueren.de\/?page_id=333","title":{"rendered":"Partnerfeuerwehr"},"content":{"rendered":"<h3>Die zwei Partnerfeuerwehren der Feuerwehr Ibbenb\u00fcren<\/h3>\n<hr \/>\n<h2>Freiwillige Feuerwehr Wangerooge<\/h2>\n<p>Mit der Inselfeuerwehr Wangerooge besteht die j\u00fcngste Partnerschaft. Sie wurde am 8. Januar 2011 besiegelt:<\/p>\n<p><img loading=\"lazy\" decoding=\"async\" class=\"alignleft wp-image-1208 size-full\" src=\"https:\/\/www.feuerwehr-ibbenbueren.de\/wp-content\/uploads\/2015\/03\/011.jpg\" alt=\"Die Beurkundung der Partnerschaft mit der Feuerwehr Wangerooge\" width=\"650\" height=\"581\" srcset=\"https:\/\/www.feuerwehr-ibbenbueren.de\/wp-content\/uploads\/2015\/03\/011.jpg 650w, https:\/\/www.feuerwehr-ibbenbueren.de\/wp-content\/uploads\/2015\/03\/011-300x268.jpg 300w, https:\/\/www.feuerwehr-ibbenbueren.de\/wp-content\/uploads\/2015\/03\/011-250x223.jpg 250w\" sizes=\"auto, (max-width: 650px) 100vw, 650px\" \/><\/p>\n<p>&nbsp;<\/p>\n<p>&nbsp;<\/p>\n<h2><\/h2>\n<h2><\/h2>\n<h2><\/h2>\n<h2><\/h2>\n<h2><\/h2>\n<h2><\/h2>\n<h2><\/h2>\n<h2><\/h2>\n<h2><\/h2>\n<h2><\/h2>\n<h2><\/h2>\n<h2><\/h2>\n<h2><\/h2>\n<h2><\/h2>\n<h2>Freiwillige Feuerwehr Dessau-Ro\u00dflau (Elbe)<\/h2>\n<p>Dessau-Ro\u00dflau ist eine Stadt an der Elbe in Sachsen-Anhalt, etwa 55 km s\u00fcd\u00f6stlich von Magdeburg.\u00a0Der heutige Stadtteil Ro\u00dflau war bis 2007 eine eigenst\u00e4ndige Stadt. \u00a0Am 1. Juli 2007 fusionierten die St\u00e4dte Dessau und Ro\u00dflau zu Dessau-Ro\u00dflau.<\/p>\n<p>Als in Ro\u00dflau 1990 eine Partnerstadt in den alten Bundesl\u00e4ndern gesucht wurde, bediente man sich des Postleitzahlenbuches und suchte die Stadt mit der selben Postleitzahl &#8211; 4530 &#8211; und fand: Ibbenb\u00fcren. Sofort wurden Besuche der Feuerwehren geplant und Gegenbesuche gemacht. Auch die Jugendfeuerwehr war von Anfang an dabei und besuchte die \u201cjungen Brandschutzhelfer\u201d in der ehemaligen DDR.<\/p>\n<div id=\"attachment_1209\" style=\"width: 260px\" class=\"wp-caption aligncenter\"><img loading=\"lazy\" decoding=\"async\" aria-describedby=\"caption-attachment-1209\" class=\"size-full wp-image-1209\" src=\"https:\/\/www.feuerwehr-ibbenbueren.de\/wp-content\/uploads\/2015\/03\/012.jpg\" alt=\"Dessau-Ro\u00dflau an der Elbe\" width=\"250\" height=\"129\" \/><p id=\"caption-attachment-1209\" class=\"wp-caption-text\">Dessau-Ro\u00dflau an der Elbe<\/p><\/div>\n<p>Schnell waren auch private Kontakte und Freundschaften gekn\u00fcpft und die Partnerschaft der beiden St\u00e4dte und Wehren l\u00e4uft seit dem wie gew\u00fcnscht. 1992 konnte die Feuerwehr Ibbenb\u00fcren mit einer Abordnung zur Grundsteinlegung des neuen Feuerwehrger\u00e4tehauses nach Ro\u00dflau fahren und es erinnern sich noch alle Teilnehmer gerne an das 125-j\u00e4hrige Jubil\u00e4um der Ro\u00dflauer Wehr im Jahr 1999.<\/p>\n<p>2001 besuchte dann die Jugendfeuerwehr Ro\u00dflau die Ibbenb\u00fcrener JF f\u00fcr ein Wochenende. Dort konnten wieder viele neue Freundschaften, gerade unter den Jugendlichen, gekn\u00fcpft werden. 2002 waren wir zum Kameradschaftsnachmittag der Ro\u00dflauer eingeladen und konnten bei den dort stattfindenden Wettk\u00e4mpfen sogar den zweiten Platz belegen.<\/p>\n<p>Der kurz darauf stattfindenden Besuch der Ibbenb\u00fcrener in Ro\u00dflau hatte leider keinen so sch\u00f6nen Anlass, sondern es handelte sich um eine 37 Mann starke Truppe mit Ger\u00e4t, die bei der damaligen Hochwasserkatastrophe im August 2002, die auch Ro\u00dflau nicht verschonte, die Feuerwehr dort erfolgreich unterst\u00fctze.<\/p>\n<div id=\"attachment_1210\" style=\"width: 260px\" class=\"wp-caption aligncenter\"><img loading=\"lazy\" decoding=\"async\" aria-describedby=\"caption-attachment-1210\" class=\"size-full wp-image-1210\" src=\"https:\/\/www.feuerwehr-ibbenbueren.de\/wp-content\/uploads\/2015\/03\/013.jpg\" alt=\"Hochwasserhilfe im Jahr 2002\" width=\"250\" height=\"125\" \/><p id=\"caption-attachment-1210\" class=\"wp-caption-text\">Hochwasserhilfe im Jahr 2002<\/p><\/div>\n<p>Zum 130-j\u00e4hrigen Jubil\u00e4um hatte uns die Feuerwehr Ro\u00dflau am 21.08.2004 eingeladen. Wir folgten der Einladung mit einer Abordnung der Stadtmitte und dem L\u00f6schzug Laggenbeck.<\/p>\n<p>Am 6. Juni 2013 machte sich erneut eine Hilfsmannschaft (24 Kameraden, zusammengestellt aus allen L\u00f6schz\u00fcgen Ibbenb\u00fcrens) auf den Weg an die Elbe um bei einer zweiten Hochwasserkatstrophe partnerschaftliche Hilfe zu leisten.<\/p>\n","protected":false},"excerpt":{"rendered":"<p>Partnerfeuerwehren der Feuerwehr Ibbenb\u00fcren.<\/p>\n","protected":false},"author":3,"featured_media":0,"parent":639,"menu_order":4,"comment_status":"open","ping_status":"closed","template":"","meta":{"footnotes":""},"class_list":["post-333","page","type-page","status-publish","hentry"],"_links":{"self":[{"href":"https:\/\/www.feuerwehr-ibbenbueren.de\/index.php?rest_route=\/wp\/v2\/pages\/333","targetHints":{"allow":["GET"]}}],"collection":[{"href":"https:\/\/www.feuerwehr-ibbenbueren.de\/index.php?rest_route=\/wp\/v2\/pages"}],"about":[{"href":"https:\/\/www.feuerwehr-ibbenbueren.de\/index.php?rest_route=\/wp\/v2\/types\/page"}],"author":[{"embeddable":true,"href":"https:\/\/www.feuerwehr-ibbenbueren.de\/index.php?rest_route=\/wp\/v2\/users\/3"}],"replies":[{"embeddable":true,"href":"https:\/\/www.feuerwehr-ibbenbueren.de\/index.php?rest_route=%2Fwp%2Fv2%2Fcomments&post=333"}],"version-history":[{"count":34,"href":"https:\/\/www.feuerwehr-ibbenbueren.de\/index.php?rest_route=\/wp\/v2\/pages\/333\/revisions"}],"predecessor-version":[{"id":5367,"href":"https:\/\/www.feuerwehr-ibbenbueren.de\/index.php?rest_route=\/wp\/v2\/pages\/333\/revisions\/5367"}],"up":[{"embeddable":true,"href":"https:\/\/www.feuerwehr-ibbenbueren.de\/index.php?rest_route=\/wp\/v2\/pages\/639"}],"wp:attachment":[{"href":"https:\/\/www.feuerwehr-ibbenbueren.de\/index.php?rest_route=%2Fwp%2Fv2%2Fmedia&parent=333"}],"curies":[{"name":"wp","href":"https:\/\/api.w.org\/{rel}","templated":true}]}}