{"id":6329,"date":"2016-06-04T16:25:29","date_gmt":"2016-06-04T14:25:29","guid":{"rendered":"http:\/\/www.feuerwehr-ibbenbueren.de\/?page_id=6329"},"modified":"2021-12-29T17:28:59","modified_gmt":"2021-12-29T16:28:59","slug":"stadtmitte_1-copy","status":"publish","type":"page","link":"https:\/\/www.feuerwehr-ibbenbueren.de\/?page_id=6329","title":{"rendered":"Laggenbeck &#8211; Die Anfangsjahre 1907 bis 1949"},"content":{"rendered":"\n\t\t<div id='gallery-1' class='gallery galleryid-6329 gallery-columns-1 gallery-size-medium gallery1'><script type=\"text\/javascript\">\r\n\/\/ <![CDATA[\r\n\tjQuery(document).ready(function () {\r\n\t\tjQuery(\".gallery1 a\").attr(\"rel\",\"gallery1\");\t\r\n\t\tjQuery('a[rel=\"gallery1\"]').colorbox({maxWidth:\"95%\", maxHeight:\"95%\",title: function(){ return jQuery(this).children().attr(\"alt\"); }, });\r\n\t});\r\n\/\/ ]]>\r\n<\/script>\n<dl class=\"gallery-item\">\n<dt class=\"gallery-icon\">\r\n<a href=\"https:\/\/www.feuerwehr-ibbenbueren.de\/wp-content\/uploads\/2016\/01\/LA_HI_1_Stiftungsfest_1909.jpg\" title=\"\" rel=\"gallery1\"><img loading=\"lazy\" decoding=\"async\" src=\"https:\/\/www.feuerwehr-ibbenbueren.de\/wp-content\/uploads\/2016\/01\/LA_HI_1_Stiftungsfest_1909-300x208.jpg\" width=\"300\" height=\"208\" alt=\"\" \/><\/a>\r\n<\/dt><\/dl><br style=\"clear: both\" \/>\r\n\t\t<\/div>\n\n<p style=\"text-align: left;\">Der L\u00f6schzug Laggenbeck wurde am 25. Februar 1907 gegr\u00fcndet. An diesem Datum fanden sich 40 junge M\u00e4nner, nach der Einladung durch Amtmann von Eichstedt, in der Gastst\u00e4tte Linnenschmidt ein. Den Vorstand bildeten Ingenieur Josef Keller als Brandmeister, Theodor Hoppe als Stellvertreter und Andreas Attermeyer als Schriftf\u00fchrer. Den ersten Einsatz hatte der L\u00f6schzug Laggenbeck am 11. August 1908, als es beim K\u00f6tter Dierkes am Burgweg brannte.<\/p>\n<p>Im Dezember 1924 wurde die alte Handdruckspritze &#8222;Alte Tante&#8220; nach D\u00f6renthe abgegeben und eine neue Motorspritze der Marke Magirus gekauft, wodurch die Schlagkraft der Wehr bedeutend erh\u00f6ht werden konnte.<\/p>\n<p>Im Jahre 1926 konnte nach langgehegtem Wunsch eine Feuerwehrkapelle unter F\u00fchrung von Heinrich Keller gegr\u00fcndet werden. Die \u00fcbrig gebliebenen Permer Spielleute bildeten den Stamm, der durch engagierte junge M\u00e4nner rasch erg\u00e4nzt wurde. Die erheblichen Kosten, die mit der Aufstellung der Kapelle verbunden waren, wurden nicht gescheut und privat aufgebracht.<\/p>\n<p>Im Jahre 1932, dem 25. Jahr des Bestehens, waren in der Wehr noch 18 Kameraden aus der Gr\u00fcnderzeit, die zum Jubelfest in Anerkennung ihrer Verdienst und Opferbereitschaft mit dem Westf\u00e4lischen und dem Preu\u00dfischen Ehrenabzeichen ausgezeichnet wurden.<\/p>\n\n\t\t<div id='gallery-2' class='gallery galleryid-6329 gallery-columns-1 gallery-size-medium gallery1'><script type=\"text\/javascript\">\r\n\/\/ <![CDATA[\r\n\tjQuery(document).ready(function () {\r\n\t\tjQuery(\".gallery1 a\").attr(\"rel\",\"gallery1\");\t\r\n\t\tjQuery('a[rel=\"gallery1\"]').colorbox({maxWidth:\"95%\", maxHeight:\"95%\",title: function(){ return jQuery(this).children().attr(\"alt\"); }, });\r\n\t});\r\n\/\/ ]]>\r\n<\/script>\n<dl class=\"gallery-item\">\n<dt class=\"gallery-icon\">\r\n<a href=\"https:\/\/www.feuerwehr-ibbenbueren.de\/wp-content\/uploads\/2016\/01\/LA_HI_2_alte_Tante.jpg\" title=\"\" rel=\"gallery1\"><img loading=\"lazy\" decoding=\"async\" src=\"https:\/\/www.feuerwehr-ibbenbueren.de\/wp-content\/uploads\/2016\/01\/LA_HI_2_alte_Tante-300x208.jpg\" width=\"300\" height=\"208\" alt=\"\" \/><\/a>\r\n<\/dt><\/dl><br style=\"clear: both\" \/>\r\n\t\t<\/div>\n\n<p>Das Jahr 1934 brachte durch das neu erlassene Feuerl\u00f6schgesetz wesentliche \u00c4nderungen. Die Feuerwehr Laggenbeck verlor mit anderen Wehren die Selbstst\u00e4ndigkeit und wurde vierter und f\u00fcnfter L\u00f6schzug der Freiwilligen Feuerwehr Ibbenb\u00fcren. Im Zusammenhang mit diesen \u00c4nderungen wechselten die \u00e4lteren Feuerwehrleute, so auch Brandmeister Josef Keller, zur Altersabteilung. Zahlreiche junge Leute f\u00fcllten den L\u00f6schzug kr\u00e4ftem\u00e4\u00dfig wieder auf. Mit der F\u00fchrung wurde nun Oberbrandmeister Franz Lammen beauftragt und ab 1935 unterst\u00fctzte Brandmeister August Teppe den L\u00f6schzugf\u00fchrer.<\/p>\n<p>Gleichzeitig wurde die Motorisierung stark vorangetrieben, denn die Firma Keller schenkte dem L\u00f6schzug Laggenbeck einen brauchbaren NSU-Wagen. Als Zugfahrzeug f\u00fcr die neue Motorspritze wurde von der Firma Deppen aus H\u00f6rstel ein gebrauchter Steyr Lastkraftwagen gekauft. Dieser wurde in Eigenleistung und mit Hilfe der Firma Keller zu einem Mannschaftswagen umgebaut.<\/p>\n<p>1939 erhielt die Wehr ein neues Ger\u00e4tehaus an der Sankt-Florian-Stra\u00dfe. Damit hatte das alte Haus auf dem Schulplatz an der Tecklenburger Stra\u00dfe ausgedient. Das Ger\u00e4tehaus an der Sankt-Florian-Stra\u00dfe steht noch heute und wird von der Familie Vey bewohnt.<\/p>\n\n\t\t<div id='gallery-3' class='gallery galleryid-6329 gallery-columns-1 gallery-size-medium gallery1'><script type=\"text\/javascript\">\r\n\/\/ <![CDATA[\r\n\tjQuery(document).ready(function () {\r\n\t\tjQuery(\".gallery1 a\").attr(\"rel\",\"gallery1\");\t\r\n\t\tjQuery('a[rel=\"gallery1\"]').colorbox({maxWidth:\"95%\", maxHeight:\"95%\",title: function(){ return jQuery(this).children().attr(\"alt\"); }, });\r\n\t});\r\n\/\/ ]]>\r\n<\/script>\n<dl class=\"gallery-item\">\n<dt class=\"gallery-icon\">\r\n<a href=\"https:\/\/www.feuerwehr-ibbenbueren.de\/wp-content\/uploads\/2016\/01\/LA_HI_3_GTH_Florianstra\u00dfe.jpg\" title=\"\" rel=\"gallery1\"><img loading=\"lazy\" decoding=\"async\" src=\"https:\/\/www.feuerwehr-ibbenbueren.de\/wp-content\/uploads\/2016\/01\/LA_HI_3_GTH_Florianstra\u00dfe-300x263.jpg\" width=\"300\" height=\"263\" alt=\"\" \/><\/a>\r\n<\/dt><\/dl><br style=\"clear: both\" \/>\r\n\t\t<\/div>\n\n<p>W\u00e4hrend des Zweiten Weltkriegs wurden viele Kameraden in die Wehrmacht eingezogen, so auch Oberbrandmeister Lammen. F\u00fcr ihn \u00fcbernahm Brandmeister Teppe die F\u00fchrung der Wehr. Die L\u00fccken in der Mannschaft f\u00fcllten \u00e4ltere Leute sowie die Hitlerjugend auf.<\/p>\n\n\t\t<div id='gallery-4' class='gallery galleryid-6329 gallery-columns-1 gallery-size-medium gallery1'><script type=\"text\/javascript\">\r\n\/\/ <![CDATA[\r\n\tjQuery(document).ready(function () {\r\n\t\tjQuery(\".gallery1 a\").attr(\"rel\",\"gallery1\");\t\r\n\t\tjQuery('a[rel=\"gallery1\"]').colorbox({maxWidth:\"95%\", maxHeight:\"95%\",title: function(){ return jQuery(this).children().attr(\"alt\"); }, });\r\n\t});\r\n\/\/ ]]>\r\n<\/script>\n<dl class=\"gallery-item\">\n<dt class=\"gallery-icon\">\r\n<a href=\"https:\/\/www.feuerwehr-ibbenbueren.de\/wp-content\/uploads\/2016\/01\/LA_HI_4_LLG.jpg\" title=\"\" rel=\"gallery1\"><img loading=\"lazy\" decoding=\"async\" src=\"https:\/\/www.feuerwehr-ibbenbueren.de\/wp-content\/uploads\/2016\/01\/LA_HI_4_LLG-300x209.jpg\" width=\"300\" height=\"209\" alt=\"\" \/><\/a>\r\n<\/dt><\/dl><br style=\"clear: both\" \/>\r\n\t\t<\/div>\n\n<p>Im September 1943 erhielt die Wehr ein neues Fahrzeug, ein LLG 8, jedoch ohne Bereifung. Es konnte erst 1944 genutzt werden. W\u00e4hrend des Krieges wurden die Aufgaben der Feuerwehr durch die seit 1943 verst\u00e4rkten Bombenangriffe erschwert.<\/p>\n<p><a href=\"https:\/\/www.feuerwehr-ibbenbueren.de\/?page_id=4451\"><input class=\"wpcf7-form-control wpcf7-submit\" type=\"submit\" value=\"Zur\u00fcck zur \u00dcbersicht\" \/> <\/a> <a href=\"https:\/\/www.feuerwehr-ibbenbueren.de\/?page_id=6347\"><input class=\"wpcf7-form-control wpcf7-submit\" type=\"submit\" value=\"Weiter zu den Jahren 1950 bis 1970\" \/><\/a><\/p>\n","protected":false},"excerpt":{"rendered":"<p>Der L\u00f6schzug Stadtmitte 1 der Feuerwehr Ibbenb\u00fcren.<\/p>\n","protected":false},"author":11,"featured_media":0,"parent":4451,"menu_order":1,"comment_status":"open","ping_status":"closed","template":"","meta":{"footnotes":""},"class_list":["post-6329","page","type-page","status-publish","hentry"],"_links":{"self":[{"href":"https:\/\/www.feuerwehr-ibbenbueren.de\/index.php?rest_route=\/wp\/v2\/pages\/6329","targetHints":{"allow":["GET"]}}],"collection":[{"href":"https:\/\/www.feuerwehr-ibbenbueren.de\/index.php?rest_route=\/wp\/v2\/pages"}],"about":[{"href":"https:\/\/www.feuerwehr-ibbenbueren.de\/index.php?rest_route=\/wp\/v2\/types\/page"}],"author":[{"embeddable":true,"href":"https:\/\/www.feuerwehr-ibbenbueren.de\/index.php?rest_route=\/wp\/v2\/users\/11"}],"replies":[{"embeddable":true,"href":"https:\/\/www.feuerwehr-ibbenbueren.de\/index.php?rest_route=%2Fwp%2Fv2%2Fcomments&post=6329"}],"version-history":[{"count":19,"href":"https:\/\/www.feuerwehr-ibbenbueren.de\/index.php?rest_route=\/wp\/v2\/pages\/6329\/revisions"}],"predecessor-version":[{"id":26148,"href":"https:\/\/www.feuerwehr-ibbenbueren.de\/index.php?rest_route=\/wp\/v2\/pages\/6329\/revisions\/26148"}],"up":[{"embeddable":true,"href":"https:\/\/www.feuerwehr-ibbenbueren.de\/index.php?rest_route=\/wp\/v2\/pages\/4451"}],"wp:attachment":[{"href":"https:\/\/www.feuerwehr-ibbenbueren.de\/index.php?rest_route=%2Fwp%2Fv2%2Fmedia&parent=6329"}],"curies":[{"name":"wp","href":"https:\/\/api.w.org\/{rel}","templated":true}]}}