{"id":6347,"date":"2016-06-04T17:24:50","date_gmt":"2016-06-04T15:24:50","guid":{"rendered":"http:\/\/www.feuerwehr-ibbenbueren.de\/?page_id=6347"},"modified":"2016-06-05T08:43:01","modified_gmt":"2016-06-05T06:43:01","slug":"stadtmitte_1-copy-2","status":"publish","type":"page","link":"https:\/\/www.feuerwehr-ibbenbueren.de\/?page_id=6347","title":{"rendered":"Laggenbeck &#8211; Neuaufbau nach dem Krieg 1950 bis 1970"},"content":{"rendered":"<p>Nach dem Ende des Krieges wurde die Feuerwehr durch die britische Milit\u00e4rregierung mit Auflagen belegt. Doch diesen Einschr\u00e4nkungen zum Trotz konnte der Kameradschaftsgeist der alten Zeiten beibehalten werden. 1950 \u00fcbernahm Oberbrandmeister Lammen wieder die F\u00fchrung des L\u00f6schzug Laggenbeck und die Sch\u00e4den der Kriegszeit wurden allm\u00e4hlich \u00fcberwunden.<\/p>\n<p>Im Mai 1951 konnte auch wieder ein Spielmannszug ins Leben gerufen werden. 15 Fl\u00f6tisten und acht Trommler musizierten unter Tambourmajor Walter Hohnhorst. Die Ausbildung \u00fcbernahmen die Alterskameraden Gerhard W\u00f6stemeyer, Hermann Hagedorn und Johannes Berlemann, der auch schon im Spielmannzug des Kriegervereins mitgewirkt hatte.<\/p>\n<p>Aus gesundheitlichen Gr\u00fcnden musste Franz Lammen 1955 sein Amt in j\u00fcngere H\u00e4nde geben. Sein Nachfolger wurde Brandmeister Werner Keller, ein Sohn des Mitbegr\u00fcnders und ersten Wehrf\u00fchrers der Laggenbecker Wehr. Stellvertreter war seit 1954 Josef Pinke.<\/p>\n\n\t\t<div id='gallery-1' class='gallery galleryid-6347 gallery-columns-1 gallery-size-medium gallery1'><script type=\"text\/javascript\">\r\n\/\/ <![CDATA[\r\n\tjQuery(document).ready(function () {\r\n\t\tjQuery(\".gallery1 a\").attr(\"rel\",\"gallery1\");\t\r\n\t\tjQuery('a[rel=\"gallery1\"]').colorbox({maxWidth:\"95%\", maxHeight:\"95%\",title: function(){ return jQuery(this).children().attr(\"alt\"); }, });\r\n\t});\r\n\/\/ ]]>\r\n<\/script>\n<dl class=\"gallery-item\">\n<dt class=\"gallery-icon\">\r\n<a href=\"https:\/\/www.feuerwehr-ibbenbueren.de\/wp-content\/uploads\/2016\/01\/LA_HI_5_TS_Magirus_2-e1465054588158.jpg\" title=\"\" rel=\"gallery1\"><img loading=\"lazy\" decoding=\"async\" src=\"https:\/\/www.feuerwehr-ibbenbueren.de\/wp-content\/uploads\/2016\/01\/LA_HI_5_TS_Magirus_2-300x223.jpg\" width=\"300\" height=\"223\" alt=\"\" \/><\/a>\r\n<\/dt><\/dl><br style=\"clear: both\" \/>\r\n\t\t<\/div>\n\n<p>Im Jahr 1955 wurde ein zweiter Mannschaftswagen, ein Opel Blitz sowie eine nagelneue Tragkraftspritze TS 8 angeschafft. Letztere befindet sich noch heute im Besitz des L\u00f6schzuges Laggenbeck.<\/p>\n\n\t\t<div id='gallery-2' class='gallery galleryid-6347 gallery-columns-1 gallery-size-medium gallery1'><script type=\"text\/javascript\">\r\n\/\/ <![CDATA[\r\n\tjQuery(document).ready(function () {\r\n\t\tjQuery(\".gallery1 a\").attr(\"rel\",\"gallery1\");\t\r\n\t\tjQuery('a[rel=\"gallery1\"]').colorbox({maxWidth:\"95%\", maxHeight:\"95%\",title: function(){ return jQuery(this).children().attr(\"alt\"); }, });\r\n\t});\r\n\/\/ ]]>\r\n<\/script>\n<dl class=\"gallery-item\">\n<dt class=\"gallery-icon\">\r\n<a href=\"https:\/\/www.feuerwehr-ibbenbueren.de\/wp-content\/uploads\/2016\/01\/LA_HI_6_FW_Jubi_50-e1464964303258.jpg\" title=\"\" rel=\"gallery1\"><img loading=\"lazy\" decoding=\"async\" src=\"https:\/\/www.feuerwehr-ibbenbueren.de\/wp-content\/uploads\/2016\/01\/LA_HI_6_FW_Jubi_50-300x188.jpg\" width=\"300\" height=\"188\" alt=\"\" \/><\/a>\r\n<\/dt><\/dl><br style=\"clear: both\" \/>\r\n\t\t<\/div>\n\n<p>Im Jahr 1957 feierte der L\u00f6schzug Laggenbeck sein 50 j\u00e4hriges Bestehen, zu dem der Festausschuss ein Programm auf die Beine stellte, das im Sommer mit einem Festumzug seinen H\u00f6hepunkt fand.<\/p>\n<p>Auf einer Versammlung im Mai 1959 musste der Vorstand leider die Aufl\u00f6sung des Spielmannszuges beschlie\u00dfen. Die Voraussetzungen f\u00fcr ein Weiterbestehen waren nicht mehr gegeben.<\/p>\n\n\t\t<div id='gallery-3' class='gallery galleryid-6347 gallery-columns-1 gallery-size-medium gallery1'><script type=\"text\/javascript\">\r\n\/\/ <![CDATA[\r\n\tjQuery(document).ready(function () {\r\n\t\tjQuery(\".gallery1 a\").attr(\"rel\",\"gallery1\");\t\r\n\t\tjQuery('a[rel=\"gallery1\"]').colorbox({maxWidth:\"95%\", maxHeight:\"95%\",title: function(){ return jQuery(this).children().attr(\"alt\"); }, });\r\n\t});\r\n\/\/ ]]>\r\n<\/script>\n<dl class=\"gallery-item\">\n<dt class=\"gallery-icon\">\r\n<a href=\"https:\/\/www.feuerwehr-ibbenbueren.de\/wp-content\/uploads\/2016\/01\/LA_HI_7_TLF16_ALT.jpg\" title=\"\" rel=\"gallery1\"><img loading=\"lazy\" decoding=\"async\" src=\"https:\/\/www.feuerwehr-ibbenbueren.de\/wp-content\/uploads\/2016\/01\/LA_HI_7_TLF16_ALT-300x197.jpg\" width=\"300\" height=\"197\" alt=\"\" \/><\/a>\r\n<\/dt><\/dl><br style=\"clear: both\" \/>\r\n\t\t<\/div>\n\n<p>In den Folgejahren war die Wehr bestrebt, die Ausr\u00fcstung und die r\u00e4umlichen Verh\u00e4ltnisse zu verbessern. Ein erster und gro\u00dfer Schritt dazu war die Anschaffung eines Tankl\u00f6schfahrzeuges TLF 16 als Ersatz f\u00fcr das alte LF 8. Der erste Antrag dazu war schon 1957 gestellt worden. Es dauerte allerdings bis Oktober 1962, ehe der Rat des Amtes Ibbenb\u00fcren den Beschluss fasste, ein solches Fahrzeug f\u00fcr den L\u00f6schzug Laggenbeck zu kaufen. Die Entscheidung des Rates f\u00fcr diese Anschaffung, wurde durch eine gro\u00dfz\u00fcgige Spende der Firma Keller erleichtert, die immerhin ca. 1\/6 der damaligen Anschaffungskosten von 70.000 DM ausmachte.<\/p>\n\n\t\t<div id='gallery-4' class='gallery galleryid-6347 gallery-columns-1 gallery-size-medium gallery1'><script type=\"text\/javascript\">\r\n\/\/ <![CDATA[\r\n\tjQuery(document).ready(function () {\r\n\t\tjQuery(\".gallery1 a\").attr(\"rel\",\"gallery1\");\t\r\n\t\tjQuery('a[rel=\"gallery1\"]').colorbox({maxWidth:\"95%\", maxHeight:\"95%\",title: function(){ return jQuery(this).children().attr(\"alt\"); }, });\r\n\t});\r\n\/\/ ]]>\r\n<\/script>\n<dl class=\"gallery-item\">\n<dt class=\"gallery-icon\">\r\n<a href=\"https:\/\/www.feuerwehr-ibbenbueren.de\/wp-content\/uploads\/2016\/01\/LA_HI_8_TSF-1.jpg\" title=\"\" rel=\"gallery1\"><img loading=\"lazy\" decoding=\"async\" src=\"https:\/\/www.feuerwehr-ibbenbueren.de\/wp-content\/uploads\/2016\/01\/LA_HI_8_TSF-1-300x167.jpg\" width=\"300\" height=\"167\" alt=\"\" \/><\/a>\r\n<\/dt><\/dl><br style=\"clear: both\" \/>\r\n\t\t<\/div>\n\n<p>Das alte LF 8 aus den Kriegsjahren wurde 1965 endg\u00fcltig verschrottet und dessen Tragkraftspritzenanh\u00e4nger musste ebenfalls bei der Firma Keller untergebracht werden.<\/p>\n<p>Somit gab es zwei Ger\u00e4teh\u00e4user in Laggenbeck und gro\u00dfe Probleme bei der Alarmierung. Wurde bei Eins\u00e4tzen nur das Tankl\u00f6schfahrzeug ben\u00f6tigt, gab es bei der Firma Keller einen eigenen Werksalarm. 1969 konnte dann ein TSF 8 in Dienst gestellt werden.<\/p>\n<p>In den sechziger Jahren r\u00fcckten die Laggenbecker unter anderem zu mehreren Gro\u00dfbr\u00e4nden aus.<\/p>\n<p>1964 brannte die M\u00f6belfabrik Kattwinkel<br \/>\n1965 brannte der Hof Siebelmann in Osterledde, dies war der erste Einsatz der neuen Drehleiter aus Ibbenb\u00fcren<\/p>\n<p><a href=\"https:\/\/www.feuerwehr-ibbenbueren.de\/?page_id=4451\"><input class=\"wpcf7-form-control wpcf7-submit\" type=\"submit\" value=\"Zur\u00fcck zur \u00dcbersicht\" \/><\/a> <a href=\"https:\/\/www.feuerwehr-ibbenbueren.de\/?page_id=6353\"><input class=\"wpcf7-form-control wpcf7-submit\" type=\"submit\" value=\"Weiter zu den Jahren 1971 bis 1999 \" \/><\/a><\/p>\n","protected":false},"excerpt":{"rendered":"<p>Der L\u00f6schzug Stadtmitte 1 der Feuerwehr Ibbenb\u00fcren.<\/p>\n","protected":false},"author":11,"featured_media":0,"parent":4451,"menu_order":2,"comment_status":"open","ping_status":"closed","template":"","meta":{"footnotes":""},"class_list":["post-6347","page","type-page","status-publish","hentry"],"_links":{"self":[{"href":"https:\/\/www.feuerwehr-ibbenbueren.de\/index.php?rest_route=\/wp\/v2\/pages\/6347","targetHints":{"allow":["GET"]}}],"collection":[{"href":"https:\/\/www.feuerwehr-ibbenbueren.de\/index.php?rest_route=\/wp\/v2\/pages"}],"about":[{"href":"https:\/\/www.feuerwehr-ibbenbueren.de\/index.php?rest_route=\/wp\/v2\/types\/page"}],"author":[{"embeddable":true,"href":"https:\/\/www.feuerwehr-ibbenbueren.de\/index.php?rest_route=\/wp\/v2\/users\/11"}],"replies":[{"embeddable":true,"href":"https:\/\/www.feuerwehr-ibbenbueren.de\/index.php?rest_route=%2Fwp%2Fv2%2Fcomments&post=6347"}],"version-history":[{"count":4,"href":"https:\/\/www.feuerwehr-ibbenbueren.de\/index.php?rest_route=\/wp\/v2\/pages\/6347\/revisions"}],"predecessor-version":[{"id":6359,"href":"https:\/\/www.feuerwehr-ibbenbueren.de\/index.php?rest_route=\/wp\/v2\/pages\/6347\/revisions\/6359"}],"up":[{"embeddable":true,"href":"https:\/\/www.feuerwehr-ibbenbueren.de\/index.php?rest_route=\/wp\/v2\/pages\/4451"}],"wp:attachment":[{"href":"https:\/\/www.feuerwehr-ibbenbueren.de\/index.php?rest_route=%2Fwp%2Fv2%2Fmedia&parent=6347"}],"curies":[{"name":"wp","href":"https:\/\/api.w.org\/{rel}","templated":true}]}}