{"id":6353,"date":"2016-06-04T17:40:44","date_gmt":"2016-06-04T15:40:44","guid":{"rendered":"http:\/\/www.feuerwehr-ibbenbueren.de\/?page_id=6353"},"modified":"2021-01-09T16:22:02","modified_gmt":"2021-01-09T15:22:02","slug":"stadtmitte_1-copy-3","status":"publish","type":"page","link":"https:\/\/www.feuerwehr-ibbenbueren.de\/?page_id=6353","title":{"rendered":"Laggenbeck &#8211; Umzug ins neue Ger\u00e4tehaus 1971 bis 1999"},"content":{"rendered":"\n\t\t<div id='gallery-1' class='gallery galleryid-6353 gallery-columns-1 gallery-size-medium gallery1'><script type=\"text\/javascript\">\r\n\/\/ <![CDATA[\r\n\tjQuery(document).ready(function () {\r\n\t\tjQuery(\".gallery1 a\").attr(\"rel\",\"gallery1\");\t\r\n\t\tjQuery('a[rel=\"gallery1\"]').colorbox({maxWidth:\"95%\", maxHeight:\"95%\",title: function(){ return jQuery(this).children().attr(\"alt\"); }, });\r\n\t});\r\n\/\/ ]]>\r\n<\/script>\n<dl class=\"gallery-item\">\n<dt class=\"gallery-icon\">\r\n<a href=\"https:\/\/www.feuerwehr-ibbenbueren.de\/wp-content\/uploads\/2016\/01\/LA_HI_9_Geratehaus_1971.jpg\" title=\"\" rel=\"gallery1\"><img loading=\"lazy\" decoding=\"async\" src=\"https:\/\/www.feuerwehr-ibbenbueren.de\/wp-content\/uploads\/2016\/01\/LA_HI_9_Geratehaus_1971-300x206.jpg\" width=\"300\" height=\"206\" alt=\"\" \/><\/a>\r\n<\/dt><\/dl><br style=\"clear: both\" \/>\r\n\t\t<\/div>\n\n<p>Am 31.August 1971 konnte der L\u00f6schzug nach langer Planphase in das heutige Ger\u00e4tehaus an der Kreuzung Mettinger Stra\u00dfe, Alstedder Stra\u00dfe umziehen.<\/p>\n<p>Im gleichen Jahr spendete die Firma Keller dem L\u00f6schzug Laggenbeck einen VW-Bulli, den die Feuerwehrm\u00e4nner in Eigenarbeit als Einsatzleitwagen herrichten. Als dieses Fahrzeug nach einigen Jahren nicht mehr eingesetzt werden konnte, musste ein Ersatz her. Einen Grundbetrag hatte das Amt Ibbenb\u00fcren Ende 1974 zur Verf\u00fcgung gestellt. Erhebliche Spenden der Laggenbecker Bev\u00f6lkerung erm\u00f6glichte 1975 den Kauf eines Fahrzeuges, wie es den Vorstellungen der Wehr entsprach.<\/p>\n<p>Weitere dringend ben\u00f6tigte Ger\u00e4te, wie ein Notstromaggregat, Motors\u00e4ge, Funkger\u00e4te und Pressluftatmer konnten dank Hilfe dieser Spenden ebenfalls angeschafft werden. Dies bewies wieder einmal, dass die Feuerwehr ein fester Bestandteil der d\u00f6rflichen Gemeinschaft war und ist.<\/p>\n<p>In den siebziger Jahren hielt eine Serie von Gro\u00dfbr\u00e4nden die Laggenbecker in Atem.<\/p>\n<p>1970 brannte der Hof B\u00f6gel-Freude im Aatal<br \/>\n1975 brannte es auf dem Hof Schulte-Laggenbeck im Aatal<br \/>\n1979 brannte die Roncalli-Realschule in Ibbenb\u00fcren, wohin auch die Laggenbecker gerufen wurden<br \/>\n1979 brannte ebenfalls die Tischlerei Sommerkamp an der Lindenstra\u00dfe und wurde vollkommen zerst\u00f6rt<\/p>\n<p>In den folgenden Jahren wurde, aus finanziellen Mitteln der Stadt, die pers\u00f6nliche als auch die feuerwehrtechnische Ausr\u00fcstung verbessert. Somit verf\u00fcgte der L\u00f6schzug Laggenbeck derzeit \u00fcber eine den Anforderungen des Brandschutzes entsprechende Ausr\u00fcstung.<\/p>\n<p>1970 wechselte Josef Pinke, der besonders nach dem Zweiten Weltkrieg um den Wiederaufbau der Wehr bem\u00fcht war, in die Alters- und Ehrenabteilung. Sein Nachfolger wurde Hermann Armbrust.<\/p>\n\n\t\t<div id='gallery-2' class='gallery galleryid-6353 gallery-columns-1 gallery-size-medium gallery1'><script type=\"text\/javascript\">\r\n\/\/ <![CDATA[\r\n\tjQuery(document).ready(function () {\r\n\t\tjQuery(\".gallery1 a\").attr(\"rel\",\"gallery1\");\t\r\n\t\tjQuery('a[rel=\"gallery1\"]').colorbox({maxWidth:\"95%\", maxHeight:\"95%\",title: function(){ return jQuery(this).children().attr(\"alt\"); }, });\r\n\t});\r\n\/\/ ]]>\r\n<\/script>\n<dl class=\"gallery-item\">\n<dt class=\"gallery-icon\">\r\n<a href=\"https:\/\/www.feuerwehr-ibbenbueren.de\/wp-content\/uploads\/2016\/01\/LA_HI_10_Mannschaft_1981.jpg\" title=\"\" rel=\"gallery1\"><img loading=\"lazy\" decoding=\"async\" src=\"https:\/\/www.feuerwehr-ibbenbueren.de\/wp-content\/uploads\/2016\/01\/LA_HI_10_Mannschaft_1981-300x152.jpg\" width=\"300\" height=\"152\" alt=\"\" \/><\/a>\r\n<\/dt><\/dl><br style=\"clear: both\" \/>\r\n\t\t<\/div>\n\n<p>Im Jahr 1982 feierte der L\u00f6schzug Laggenbeck sein 75-j\u00e4hriges Bestehen mit einem mehrt\u00e4gigen Fest auf dem Platz an der Bocketaler Stra\u00dfe, dessen H\u00f6hepunkt der Marsch aller Laggenbecker und der G\u00e4ste vom Ger\u00e4tehaus zum Festplatz war.<\/p>\n<p>1982 wurde ebenfalls damit begonnen, die ersten Laggenbecker Feuerwehrm\u00e4nner mit Funkmeldeempf\u00e4ngern auszur\u00fcsten. In den folgenden Jahren war ein Gro\u00dfteil der Kameraden mit der so genannten &#8222;stillen Alarmierung&#8220; ausgestattet.<\/p>\n<p>Die L\u00f6schzugf\u00fchrung wurde im gleichen Jahr vom langj\u00e4hrigen L\u00f6schzugf\u00fchrer Werner Keller an Helmut Br\u00f6nstrup \u00fcbergeben. Werner Keller blieb bis 1985 aktiv im L\u00f6schzug Laggenbeck und wechselte dann in die Alters- und Ehrenabteilung.<\/p>\n\n\t\t<div id='gallery-3' class='gallery galleryid-6353 gallery-columns-1 gallery-size-medium gallery1'><script type=\"text\/javascript\">\r\n\/\/ <![CDATA[\r\n\tjQuery(document).ready(function () {\r\n\t\tjQuery(\".gallery1 a\").attr(\"rel\",\"gallery1\");\t\r\n\t\tjQuery('a[rel=\"gallery1\"]').colorbox({maxWidth:\"95%\", maxHeight:\"95%\",title: function(){ return jQuery(this).children().attr(\"alt\"); }, });\r\n\t});\r\n\/\/ ]]>\r\n<\/script>\n<dl class=\"gallery-item\">\n<dt class=\"gallery-icon\">\r\n<a href=\"https:\/\/www.feuerwehr-ibbenbueren.de\/wp-content\/uploads\/2016\/01\/LA_HI_11_ELW_1982_1.jpg\" title=\"\" rel=\"gallery1\"><img loading=\"lazy\" decoding=\"async\" src=\"https:\/\/www.feuerwehr-ibbenbueren.de\/wp-content\/uploads\/2016\/01\/LA_HI_11_ELW_1982_1-300x194.jpg\" width=\"300\" height=\"194\" alt=\"\" \/><\/a>\r\n<\/dt><\/dl><br style=\"clear: both\" \/>\r\n\t\t<\/div>\n\n<p>1983 beschaffte die Stadt Ibbenb\u00fcren einen neuen Einsatzleitwagen f\u00fcr den L\u00f6schzug Laggenbeck. Es war nach vielen Jahren endlich einmal ein Neufahrzeug und kein Provisorium und f\u00fcr viele Jahre das letzte neue Fahrzeug f\u00fcr den L\u00f6schzug Laggenbeck.<\/p>\n<p>In den 80er Jahren gab es f\u00fcr die Feuerwehr mehrere Gro\u00dfbr\u00e4nde und Eins\u00e4tze in Laggenbeck und Umgebung:<\/p>\n<p>1984 Erster Gro\u00dfbrand bei der Firma Seifert am Bergmeyersweg<br \/>\n1986 Bei eisigen Temperaturen Gro\u00dfbrand des Bauernhofes Feldk\u00e4mper an der Osnabr\u00fccker Stra\u00dfe<br \/>\n1987 Dauereinsatz der Feuerwehr wegen Eisregen, der f\u00fcr mehrere Tage das Tecklenburger Land lahm legte<\/p>\n<p>Die aktiven Kameraden bilden sich aufgrund st\u00e4ndig gestiegener Anforderungen regelm\u00e4\u00dfig an Wochenendlehrg\u00e4ngen auf Stadt- und Kreisebene weiter. Dort werden Lehrg\u00e4nge f\u00fcr die Grundausbildung eines Feuerwehrmannes sowie spezielle Lehrg\u00e4nge mit den Themenschwerpunkten technische Hilfe, Atemschutzger\u00e4tetr\u00e4ger, Maschinistenlehrg\u00e4ngen, Sprechfunkausbildung, Gef\u00e4hrliche Stoffe und G\u00fcter, Strahlenschutzlehrg\u00e4nge usw. angeboten.<\/p>\n\n\t\t<div id='gallery-4' class='gallery galleryid-6353 gallery-columns-1 gallery-size-medium gallery1'><script type=\"text\/javascript\">\r\n\/\/ <![CDATA[\r\n\tjQuery(document).ready(function () {\r\n\t\tjQuery(\".gallery1 a\").attr(\"rel\",\"gallery1\");\t\r\n\t\tjQuery('a[rel=\"gallery1\"]').colorbox({maxWidth:\"95%\", maxHeight:\"95%\",title: function(){ return jQuery(this).children().attr(\"alt\"); }, });\r\n\t});\r\n\/\/ ]]>\r\n<\/script>\n<dl class=\"gallery-item\">\n<dt class=\"gallery-icon\">\r\n<a href=\"https:\/\/www.feuerwehr-ibbenbueren.de\/wp-content\/uploads\/2016\/01\/LA_HI_12_LZ_1990.jpg\" title=\"\" rel=\"gallery1\"><img loading=\"lazy\" decoding=\"async\" src=\"https:\/\/www.feuerwehr-ibbenbueren.de\/wp-content\/uploads\/2016\/01\/LA_HI_12_LZ_1990-300x140.jpg\" width=\"300\" height=\"140\" alt=\"\" \/><\/a>\r\n<\/dt><\/dl><br style=\"clear: both\" \/>\r\n\t\t<\/div>\n\n<p>Der Fahrzeugpark und die Ger\u00e4tschaften in Laggenbeck mussten in den Folgejahren erneuert und den gestiegenen technischen Anforderungen angepasst werden.<\/p>\n<p>Darum entschied sich die Wehrf\u00fchrung 1991 f\u00fcr einen gro\u00dfen Ringtausch unter allen L\u00f6schz\u00fcgen der Stadt Ibbenb\u00fcren. Das Alte Laggenbecker Tankl\u00f6schfahrzeug wurde nach 28 Jahren Dienstzeit ausgemustert. Als Ersatz kam aus der Stadtmitte ein gebrauchtes TLF16 und ein LF 8. Des Weiteren kam vom LZ D\u00f6renthe ein LF 16 TS nach Laggenbeck.<\/p>\n\n\t\t<div id='gallery-5' class='gallery galleryid-6353 gallery-columns-2 gallery-size-medium gallery1'><script type=\"text\/javascript\">\r\n\/\/ <![CDATA[\r\n\tjQuery(document).ready(function () {\r\n\t\tjQuery(\".gallery1 a\").attr(\"rel\",\"gallery1\");\t\r\n\t\tjQuery('a[rel=\"gallery1\"]').colorbox({maxWidth:\"95%\", maxHeight:\"95%\",title: function(){ return jQuery(this).children().attr(\"alt\"); }, });\r\n\t});\r\n\/\/ ]]>\r\n<\/script>\n<dl class=\"gallery-item\">\n<dt class=\"gallery-icon\">\r\n<a href=\"https:\/\/www.feuerwehr-ibbenbueren.de\/wp-content\/uploads\/2016\/01\/LA_HI_13_TLF16.jpg\" title=\"\" rel=\"gallery1\"><img loading=\"lazy\" decoding=\"async\" src=\"https:\/\/www.feuerwehr-ibbenbueren.de\/wp-content\/uploads\/2016\/01\/LA_HI_13_TLF16-300x195.jpg\" width=\"300\" height=\"195\" alt=\"\" \/><\/a>\r\n<\/dt><\/dl><dl class=\"gallery-item\">\n<dt class=\"gallery-icon\">\r\n<a href=\"https:\/\/www.feuerwehr-ibbenbueren.de\/wp-content\/uploads\/2016\/01\/LA_HI_14_LF_8_1982.jpg\" title=\"\" rel=\"gallery1\"><img loading=\"lazy\" decoding=\"async\" src=\"https:\/\/www.feuerwehr-ibbenbueren.de\/wp-content\/uploads\/2016\/01\/LA_HI_14_LF_8_1982-300x195.jpg\" width=\"300\" height=\"195\" alt=\"\" \/><\/a>\r\n<\/dt><\/dl><br style=\"clear: both\" \/>\r\n\t\t<\/div>\n\n<p>Im Jahre 1993 \u00fcbernahm Theo Blom die L\u00f6schzugf\u00fchrung von Helmut Br\u00f6nstrup, der mit Erreichen der Altersgrenze in die Ehrenabteilung wechselte. Als Theo Bloms Stellvertreter wurde J\u00fcrgen Attermeier bestimmt.<\/p>\n<p>Das Jahr 1996 begann arbeitsreich mit dem zweiten Gro\u00dfbrand bei der Firma Seifert. Bei eisigen Temperaturen um die -20 \u00b0C brannte das Werkstattgeb\u00e4ude mit angrenzender Halle bis auf die Grundmauern nieder. Die gesamte Ibbenb\u00fcrener Wehr mit allen vier L\u00f6schz\u00fcgen sowie die Nachbarl\u00f6schz\u00fcge aus Tecklenburg, Brochterbeck und Ledde waren im Einsatz.<\/p>\n<p>In den 90er Jahren gab es au\u00dferdem noch folgende Gro\u00dfeins\u00e4tze f\u00fcr den L\u00f6schzug Laggenbeck:<\/p>\n<p>1991 Gro\u00dfbrand des Bauernhofes Haselroth in Ledde<br \/>\n1992 Gro\u00dfbrand der Firma Microplast in Lengerich<br \/>\n1994 unklare Bombendrohung im von Bodelschwingh-Krankenhaus<br \/>\n1997 Gro\u00dfbrand der ehemaligen Gastst\u00e4tte &#8222;Alstedder Hof&#8220; in Alstedde<br \/>\n1998 Wohnhausbrand am Broelmannweg<br \/>\n1999 Bergung eines verungl\u00fcckten Fl\u00fcssiggastankwagens im Aatal<\/p>\n<p>Ebenfalls 1997 wurde das L\u00f6schgruppenfahrzeug LF 16 TS vom Katastrophenschutzamt wieder eingezogen, sodass f\u00fcr den L\u00f6schzug Laggenbeck schnellstm\u00f6glich ein Ersatzfahrzeug beschafft werden musste.<br \/>\nUm die Anschaffungskosten zu reduzieren, entschied sich die Stadt Ibbenb\u00fcren f\u00fcr den Kauf eines gebrauchten Vorf\u00fchrfahrzeuges der Firma Ziegler, ein L\u00f6schgruppenfahrzeug LF 8\/6. Dieses verrichtete bis 2020 seinen Dienst im L\u00f6schzug Laggenbeck. Im Anschluss wurde es f\u00fcr die Ausbildung der Brandmeisteranw\u00e4rter an der Feuer- und Rettungswache in Ibbenb\u00fcren eingesetzt.<\/p>\n\n\t\t<div id='gallery-6' class='gallery galleryid-6353 gallery-columns-1 gallery-size-medium gallery1'><script type=\"text\/javascript\">\r\n\/\/ <![CDATA[\r\n\tjQuery(document).ready(function () {\r\n\t\tjQuery(\".gallery1 a\").attr(\"rel\",\"gallery1\");\t\r\n\t\tjQuery('a[rel=\"gallery1\"]').colorbox({maxWidth:\"95%\", maxHeight:\"95%\",title: function(){ return jQuery(this).children().attr(\"alt\"); }, });\r\n\t});\r\n\/\/ ]]>\r\n<\/script>\n<dl class=\"gallery-item\">\n<dt class=\"gallery-icon\">\r\n<a href=\"https:\/\/www.feuerwehr-ibbenbueren.de\/wp-content\/uploads\/2016\/01\/LA_HI_15_LF8_6.jpg\" title=\"\" rel=\"gallery1\"><img loading=\"lazy\" decoding=\"async\" src=\"https:\/\/www.feuerwehr-ibbenbueren.de\/wp-content\/uploads\/2016\/01\/LA_HI_15_LF8_6-300x173.jpg\" width=\"300\" height=\"173\" alt=\"\" \/><\/a>\r\n<\/dt><\/dl><br style=\"clear: both\" \/>\r\n\t\t<\/div>\n\n<p>Durch Spenden der Firma Keller und der Werbegemeinschaft Laggenbeck konnte ein Jahr sp\u00e4ter f\u00fcr dieses Fahrzeug ein Hochleistungsl\u00fcfter zur Bel\u00fcftung verrauchter R\u00e4ume angeschafft werden.<\/p>\n<p><a href=\"https:\/\/www.feuerwehr-ibbenbueren.de\/?page_id=4451\"><input class=\"wpcf7-form-control wpcf7-submit\" type=\"submit\" value=\"Zur\u00fcck zur \u00dcbersicht\" \/><\/a> <a href=\"https:\/\/www.feuerwehr-ibbenbueren.de\/?page_id=6360\"><input class=\"wpcf7-form-control wpcf7-submit\" type=\"submit\" value=\"Die Jahre nach der Jahrtausendwende\" \/><\/a><\/p>\n","protected":false},"excerpt":{"rendered":"<p>Der L\u00f6schzug Stadtmitte 1 der Feuerwehr Ibbenb\u00fcren.<\/p>\n","protected":false},"author":11,"featured_media":0,"parent":4451,"menu_order":3,"comment_status":"open","ping_status":"closed","template":"","meta":{"footnotes":""},"class_list":["post-6353","page","type-page","status-publish","hentry"],"_links":{"self":[{"href":"https:\/\/www.feuerwehr-ibbenbueren.de\/index.php?rest_route=\/wp\/v2\/pages\/6353","targetHints":{"allow":["GET"]}}],"collection":[{"href":"https:\/\/www.feuerwehr-ibbenbueren.de\/index.php?rest_route=\/wp\/v2\/pages"}],"about":[{"href":"https:\/\/www.feuerwehr-ibbenbueren.de\/index.php?rest_route=\/wp\/v2\/types\/page"}],"author":[{"embeddable":true,"href":"https:\/\/www.feuerwehr-ibbenbueren.de\/index.php?rest_route=\/wp\/v2\/users\/11"}],"replies":[{"embeddable":true,"href":"https:\/\/www.feuerwehr-ibbenbueren.de\/index.php?rest_route=%2Fwp%2Fv2%2Fcomments&post=6353"}],"version-history":[{"count":4,"href":"https:\/\/www.feuerwehr-ibbenbueren.de\/index.php?rest_route=\/wp\/v2\/pages\/6353\/revisions"}],"predecessor-version":[{"id":23219,"href":"https:\/\/www.feuerwehr-ibbenbueren.de\/index.php?rest_route=\/wp\/v2\/pages\/6353\/revisions\/23219"}],"up":[{"embeddable":true,"href":"https:\/\/www.feuerwehr-ibbenbueren.de\/index.php?rest_route=\/wp\/v2\/pages\/4451"}],"wp:attachment":[{"href":"https:\/\/www.feuerwehr-ibbenbueren.de\/index.php?rest_route=%2Fwp%2Fv2%2Fmedia&parent=6353"}],"curies":[{"name":"wp","href":"https:\/\/api.w.org\/{rel}","templated":true}]}}