{"id":7,"date":"2015-02-06T18:48:37","date_gmt":"2015-02-06T18:48:37","guid":{"rendered":"http:\/\/www.feuerwehr-ibbenbueren.de\/?page_id=7"},"modified":"2025-01-04T19:03:24","modified_gmt":"2025-01-04T18:03:24","slug":"lage","status":"publish","type":"page","link":"https:\/\/www.feuerwehr-ibbenbueren.de\/?page_id=7","title":{"rendered":"Standorte"},"content":{"rendered":"<h3>Standorte<\/h3>\n<p>Die Stadt Ibbenb\u00fcren hat rund 54.000 Einwohner und liegt im sch\u00f6nen &#8222;Tecklenburger Land&#8220;, im Kreis Steinfurt (Nordrhein-Westfalen). 40 km s\u00fcdlich liegt M\u00fcnster und 30 km \u00f6stlich findet man Osnabr\u00fcck.<\/p>\n<p><strong>Feuer- und Rettungswache Ibbenb\u00fcren<\/strong><br \/>\nHauptamtlichen Wache, die L\u00f6schz\u00fcge Stadtmitte 1 und Stadtmitte 2, sowie der Rettungsdienst<br \/>\nNiedersachsenring 90, 49477 Ibbenb\u00fcren<\/p>\n<p><strong>Feuerwehrger\u00e4tehaus Laggenbeck<br \/>\n<\/strong>L\u00f6schzug Laggenbeck<br \/>\nMettinger Stra\u00dfe 59, 49479 Ibbenb\u00fcren<\/p>\n<p><strong>Feuerwehrger\u00e4tehaus D\u00f6renthe<\/strong><br \/>\nL\u00f6schzug D\u00f6renthe<br \/>\nL\u00f6chtweg 3, 49479 Ibbenb\u00fcren<\/p>\n","protected":false},"excerpt":{"rendered":"<p>Geographische Lage der Feuerwehr Ibbenb\u00fcren und deren Ger\u00e4teh\u00e4user.<\/p>\n","protected":false},"author":4,"featured_media":0,"parent":5,"menu_order":9,"comment_status":"open","ping_status":"closed","template":"","meta":{"footnotes":""},"class_list":["post-7","page","type-page","status-publish","hentry"],"_links":{"self":[{"href":"https:\/\/www.feuerwehr-ibbenbueren.de\/index.php?rest_route=\/wp\/v2\/pages\/7","targetHints":{"allow":["GET"]}}],"collection":[{"href":"https:\/\/www.feuerwehr-ibbenbueren.de\/index.php?rest_route=\/wp\/v2\/pages"}],"about":[{"href":"https:\/\/www.feuerwehr-ibbenbueren.de\/index.php?rest_route=\/wp\/v2\/types\/page"}],"author":[{"embeddable":true,"href":"https:\/\/www.feuerwehr-ibbenbueren.de\/index.php?rest_route=\/wp\/v2\/users\/4"}],"replies":[{"embeddable":true,"href":"https:\/\/www.feuerwehr-ibbenbueren.de\/index.php?rest_route=%2Fwp%2Fv2%2Fcomments&post=7"}],"version-history":[{"count":46,"href":"https:\/\/www.feuerwehr-ibbenbueren.de\/index.php?rest_route=\/wp\/v2\/pages\/7\/revisions"}],"predecessor-version":[{"id":37687,"href":"https:\/\/www.feuerwehr-ibbenbueren.de\/index.php?rest_route=\/wp\/v2\/pages\/7\/revisions\/37687"}],"up":[{"embeddable":true,"href":"https:\/\/www.feuerwehr-ibbenbueren.de\/index.php?rest_route=\/wp\/v2\/pages\/5"}],"wp:attachment":[{"href":"https:\/\/www.feuerwehr-ibbenbueren.de\/index.php?rest_route=%2Fwp%2Fv2%2Fmedia&parent=7"}],"curies":[{"name":"wp","href":"https:\/\/api.w.org\/{rel}","templated":true}]}}