{"id":704,"date":"2015-04-15T05:50:08","date_gmt":"2015-04-15T05:50:08","guid":{"rendered":"http:\/\/www.feuerwehr-ibbenbueren.de\/?page_id=704"},"modified":"2025-01-04T18:57:50","modified_gmt":"2025-01-04T17:57:50","slug":"test-doerenthe","status":"publish","type":"page","link":"https:\/\/www.feuerwehr-ibbenbueren.de\/?page_id=704","title":{"rendered":"L\u00f6schzug D\u00f6renthe"},"content":{"rendered":"<h3>L\u00f6schzug D\u00f6renthe<\/h3>\n<p>Der L\u00f6schzug D\u00f6renthe der Feuerwehr Ibbenb\u00fcren ist am L\u00f6chtweg 3 im Ortsteil D\u00f6renthe (1.454 Einwohner) stationiert. Das Ger\u00e4tehaus bietet Platz f\u00fcr ein MTF, ein LF 10\/6 sowie ein Spezialfahrzeug des Bundes zur Personendekontamination, das Dekon-P. Es gibt im Ger\u00e4tehaus einen Schulungsraum, eine Alarmumkleide und eine K\u00fcche.<\/p>\n<p>Der D\u00f6renther L\u00f6schzug hat eine aktive Mannschaftsst\u00e4rke von 36 Kameraden und 10 Mitglieder in der Ehrenabteilung.<\/p>\n<p>Die Ausbildungsdienste finden alle zwei Wochen, montags, um 19.30 Uhr statt.<\/p>\n<p><a href=\"https:\/\/www.feuerwehr-ibbenbueren.de\/wp-content\/uploads\/2021\/08\/banner_lz_doerenthe_v1-1-scaled.jpg\"><img loading=\"lazy\" decoding=\"async\" class=\"aligncenter wp-image-25079 size-medium\" src=\"https:\/\/www.feuerwehr-ibbenbueren.de\/wp-content\/uploads\/2021\/08\/banner_lz_doerenthe_v1-1-300x153.jpg\" alt=\"\" width=\"300\" height=\"153\" srcset=\"https:\/\/www.feuerwehr-ibbenbueren.de\/wp-content\/uploads\/2021\/08\/banner_lz_doerenthe_v1-1-300x153.jpg 300w, https:\/\/www.feuerwehr-ibbenbueren.de\/wp-content\/uploads\/2021\/08\/banner_lz_doerenthe_v1-1-1024x521.jpg 1024w, https:\/\/www.feuerwehr-ibbenbueren.de\/wp-content\/uploads\/2021\/08\/banner_lz_doerenthe_v1-1-768x391.jpg 768w, https:\/\/www.feuerwehr-ibbenbueren.de\/wp-content\/uploads\/2021\/08\/banner_lz_doerenthe_v1-1-1536x782.jpg 1536w, https:\/\/www.feuerwehr-ibbenbueren.de\/wp-content\/uploads\/2021\/08\/banner_lz_doerenthe_v1-1-2048x1042.jpg 2048w, https:\/\/www.feuerwehr-ibbenbueren.de\/wp-content\/uploads\/2021\/08\/banner_lz_doerenthe_v1-1-250x127.jpg 250w\" sizes=\"auto, (max-width: 300px) 100vw, 300px\" \/><\/a><\/p>\n<p>Der L\u00f6schzug D\u00f6renthe wird bei allen Eins\u00e4tzen innerhalb des Ortsteils alarmiert \u2013 bei gr\u00f6\u00dferen Eins\u00e4tzen werden auch die hauptamtlichen Kr\u00e4fte und ein L\u00f6schzug Stadtmitte mit alarmiert.<\/p>\n<p>Innerhalb der beiden ABC-Z\u00fcge des Kreises Steinfurt stellt der L\u00f6schzug D\u00f6renthe jeweils f\u00fcr beide Z\u00fcge mit dem Dekon-P die Dekontaminationseinheit und ist somit nicht selten unterst\u00fctzend im Kreisgebiet t\u00e4tig.<\/p>\n<p>Der L\u00f6schzug wird von einem L\u00f6schzugf\u00fchrer und seinem Stellvertreter gef\u00fchrt. Diese wiederum haben zur Unterst\u00fctzung der Zugf\u00fchrung zwei gew\u00e4hlte Gruppenf\u00fchrer und deren Stellvertreter.<\/p>\n<p><a href=\"https:\/\/www.feuerwehr-ibbenbueren.de\/wp-content\/uploads\/2021\/08\/banner_lz_doerenthe_v2-1-scaled.jpg\"><img loading=\"lazy\" decoding=\"async\" class=\"alignleft wp-image-25036 size-medium\" src=\"https:\/\/www.feuerwehr-ibbenbueren.de\/wp-content\/uploads\/2021\/08\/banner_lz_doerenthe_v2-1-300x153.jpg\" alt=\"\" width=\"300\" height=\"153\" srcset=\"https:\/\/www.feuerwehr-ibbenbueren.de\/wp-content\/uploads\/2021\/08\/banner_lz_doerenthe_v2-1-300x153.jpg 300w, https:\/\/www.feuerwehr-ibbenbueren.de\/wp-content\/uploads\/2021\/08\/banner_lz_doerenthe_v2-1-1024x521.jpg 1024w, https:\/\/www.feuerwehr-ibbenbueren.de\/wp-content\/uploads\/2021\/08\/banner_lz_doerenthe_v2-1-768x391.jpg 768w, https:\/\/www.feuerwehr-ibbenbueren.de\/wp-content\/uploads\/2021\/08\/banner_lz_doerenthe_v2-1-1536x782.jpg 1536w, https:\/\/www.feuerwehr-ibbenbueren.de\/wp-content\/uploads\/2021\/08\/banner_lz_doerenthe_v2-1-2048x1042.jpg 2048w, https:\/\/www.feuerwehr-ibbenbueren.de\/wp-content\/uploads\/2021\/08\/banner_lz_doerenthe_v2-1-250x127.jpg 250w\" sizes=\"auto, (max-width: 300px) 100vw, 300px\" \/><\/a><\/p>\n<p>&nbsp;<\/p>\n<p><a href=\"https:\/\/www.feuerwehr-ibbenbueren.de\/?p=25040\"><input class=\"wpcf7-form-control wpcf7-submit\" type=\"submit\" value=\"Wir brauchen Dich - werde ein Teil von uns!\" \/><\/a><\/p>\n","protected":false},"excerpt":{"rendered":"<p>Der L\u00f6schzug D\u00f6renthe der Feuerwehr Ibbenb\u00fcren ist am L\u00f6chtweg 3 im Ortsteil D\u00f6renthe stationiert. <\/p>\n","protected":false},"author":2,"featured_media":1234,"parent":5,"menu_order":4,"comment_status":"open","ping_status":"closed","template":"","meta":{"footnotes":""},"class_list":["post-704","page","type-page","status-publish","has-post-thumbnail","hentry"],"_links":{"self":[{"href":"https:\/\/www.feuerwehr-ibbenbueren.de\/index.php?rest_route=\/wp\/v2\/pages\/704","targetHints":{"allow":["GET"]}}],"collection":[{"href":"https:\/\/www.feuerwehr-ibbenbueren.de\/index.php?rest_route=\/wp\/v2\/pages"}],"about":[{"href":"https:\/\/www.feuerwehr-ibbenbueren.de\/index.php?rest_route=\/wp\/v2\/types\/page"}],"author":[{"embeddable":true,"href":"https:\/\/www.feuerwehr-ibbenbueren.de\/index.php?rest_route=\/wp\/v2\/users\/2"}],"replies":[{"embeddable":true,"href":"https:\/\/www.feuerwehr-ibbenbueren.de\/index.php?rest_route=%2Fwp%2Fv2%2Fcomments&post=704"}],"version-history":[{"count":41,"href":"https:\/\/www.feuerwehr-ibbenbueren.de\/index.php?rest_route=\/wp\/v2\/pages\/704\/revisions"}],"predecessor-version":[{"id":37679,"href":"https:\/\/www.feuerwehr-ibbenbueren.de\/index.php?rest_route=\/wp\/v2\/pages\/704\/revisions\/37679"}],"up":[{"embeddable":true,"href":"https:\/\/www.feuerwehr-ibbenbueren.de\/index.php?rest_route=\/wp\/v2\/pages\/5"}],"wp:featuredmedia":[{"embeddable":true,"href":"https:\/\/www.feuerwehr-ibbenbueren.de\/index.php?rest_route=\/wp\/v2\/media\/1234"}],"wp:attachment":[{"href":"https:\/\/www.feuerwehr-ibbenbueren.de\/index.php?rest_route=%2Fwp%2Fv2%2Fmedia&parent=704"}],"curies":[{"name":"wp","href":"https:\/\/api.w.org\/{rel}","templated":true}]}}