{"id":953,"date":"2015-04-23T14:55:45","date_gmt":"2015-04-23T14:55:45","guid":{"rendered":"http:\/\/www.feuerwehr-ibbenbueren.de\/?page_id=953"},"modified":"2025-01-04T18:56:04","modified_gmt":"2025-01-04T17:56:04","slug":"test-doerenthe-2-2","status":"publish","type":"page","link":"https:\/\/www.feuerwehr-ibbenbueren.de\/?page_id=953","title":{"rendered":"L\u00f6schzug Stadtmitte 2"},"content":{"rendered":"<h3>L\u00f6schzug Stadtmitte 2<\/h3>\n<p>Die L\u00f6schz\u00fcge Stadtmitte 1 und 2 sind am Niedersachsenring stationiert und werden im Wechsel alarmiert. Somit sind Ihnen auch keine festen Fahrzeuge zugeordnet. Der alarmierte Zug r\u00fcckt nach Alarm- und Ausr\u00fcckeordnung mit den vorgesehenen Einsatzfahrzeugen aus.<\/p>\n<p>Jeder der beiden L\u00f6schz\u00fcge Stadtmitte hat eine Mannschaftsst\u00e4rke von ca. 60 aktiven Kameradinnen und Kameraden.<\/p>\n<p>Die Ausbildungsdienste finden alle zwei Wochen, montags, \u00a0um 19:30 Uhr statt.<\/p>\n<p>Bei kleineren Eins\u00e4tzen wie \u201eKatze in Baum\u201c, \u201ePerson hinter verschlossener T\u00fcr\u201c, \u201ePKW-Brand\u201c, r\u00fcckt\u00a0 die hauptamtliche Wache alleine mit dem ersten L\u00f6schgruppenfahrzeug (HLF20-1), mit einer Staffelbesatzung (1+5) aus.<\/p>\n<p>Bei allen anderen Alarmstichworten wird automatisch einer der beiden L\u00f6schz\u00fcge Stadtmitte mit alarmiert.<\/p>\n<p>Das Personal f\u00fcr einen der beiden ABC-Z\u00fcge des Kreises Steinfurt, der durch die Feuerwehr Ibbenb\u00fcren gestellt wird, rekrutiert sich ebenfalls aus den beiden L\u00f6schz\u00fcgen Stadtmitte, dem L\u00f6schzug Laggenbeck mit dem ABC-Erkunder NRW und dem LF 10, sowie dem L\u00f6schzug D\u00f6renthe mit dem DEKON P.<\/p>\n<p>Jeder L\u00f6schzug wird von einem L\u00f6schzugf\u00fchrer und seinem Stellvertreter gef\u00fchrt und teilt sich in zwei Gruppen auf. Diese wiederum haben zur Unterst\u00fctzung der Zugf\u00fchrung jeweils einen gew\u00e4hlten Gruppenf\u00fchrer und einen Stellvertreter.<\/p>\n<p><a href=\"https:\/\/www.feuerwehr-ibbenbueren.de\/?type2=2_zugfuehrung\/\"><input class=\"wpcf7-form-control wpcf7-submit\" type=\"submit\" value=\"Zum Personal\" \/><\/a><\/p>\n","protected":false},"excerpt":{"rendered":"<p>Der L\u00f6schzug Stadtmitte 2 der Feuerwehr Ibbenb\u00fcren.<\/p>\n","protected":false},"author":2,"featured_media":1236,"parent":5,"menu_order":2,"comment_status":"open","ping_status":"closed","template":"","meta":{"footnotes":""},"class_list":["post-953","page","type-page","status-publish","has-post-thumbnail","hentry"],"_links":{"self":[{"href":"https:\/\/www.feuerwehr-ibbenbueren.de\/index.php?rest_route=\/wp\/v2\/pages\/953","targetHints":{"allow":["GET"]}}],"collection":[{"href":"https:\/\/www.feuerwehr-ibbenbueren.de\/index.php?rest_route=\/wp\/v2\/pages"}],"about":[{"href":"https:\/\/www.feuerwehr-ibbenbueren.de\/index.php?rest_route=\/wp\/v2\/types\/page"}],"author":[{"embeddable":true,"href":"https:\/\/www.feuerwehr-ibbenbueren.de\/index.php?rest_route=\/wp\/v2\/users\/2"}],"replies":[{"embeddable":true,"href":"https:\/\/www.feuerwehr-ibbenbueren.de\/index.php?rest_route=%2Fwp%2Fv2%2Fcomments&post=953"}],"version-history":[{"count":17,"href":"https:\/\/www.feuerwehr-ibbenbueren.de\/index.php?rest_route=\/wp\/v2\/pages\/953\/revisions"}],"predecessor-version":[{"id":37677,"href":"https:\/\/www.feuerwehr-ibbenbueren.de\/index.php?rest_route=\/wp\/v2\/pages\/953\/revisions\/37677"}],"up":[{"embeddable":true,"href":"https:\/\/www.feuerwehr-ibbenbueren.de\/index.php?rest_route=\/wp\/v2\/pages\/5"}],"wp:featuredmedia":[{"embeddable":true,"href":"https:\/\/www.feuerwehr-ibbenbueren.de\/index.php?rest_route=\/wp\/v2\/media\/1236"}],"wp:attachment":[{"href":"https:\/\/www.feuerwehr-ibbenbueren.de\/index.php?rest_route=%2Fwp%2Fv2%2Fmedia&parent=953"}],"curies":[{"name":"wp","href":"https:\/\/api.w.org\/{rel}","templated":true}]}}