{"id":955,"date":"2015-04-23T14:56:10","date_gmt":"2015-04-15T05:50:08","guid":{"rendered":"http:\/\/www.feuerwehr-ibbenbueren.de\/?page_id=955"},"modified":"2026-04-12T18:38:57","modified_gmt":"2026-04-12T16:38:57","slug":"test-doerenthe-3","status":"publish","type":"page","link":"https:\/\/www.feuerwehr-ibbenbueren.de\/?page_id=955","title":{"rendered":"L\u00f6schzug Laggenbeck"},"content":{"rendered":"<h3>L\u00f6schzug Laggenbeck<\/h3>\n<p>Der L\u00f6schzug Laggenbeck der Feuerwehr Ibbenb\u00fcren ist an der Mettinger Stra\u00dfe im Ortsteil Laggenbeck<br \/>\n(9.540 Einwohner) stationiert. Das Ger\u00e4tehaus bietet Platz f\u00fcr ein MTF, ein HLF10, ein LF10 sowie ein spezielles Messfahrzeug des Landes NRW, einen sogenannten ABC-Erkunder NRW.<\/p>\n<p>Der Laggenbecker L\u00f6schzug hat eine aktive Mannschaftsst\u00e4rke von 49 Mitgliedern.<br \/>\nDie Mannschaftsst\u00e4rke setzt sich zusammen aus 2 Kameradinnen und 47 Kameraden.<br \/>\nDes Weiteren zahlreichen Mitglieder in der Ehrenabteilung.<\/p>\n<p>Neben der aktiven Mannschaft und der Ehrenabteilung wird der Nachwuchs in einer eigenen Jugendfeuerwehrgruppe gef\u00f6rdert.<\/p>\n<p>Die Ausbildung der Jugendfeuerwehr, erfolgt alle zwei Wochen, versetzt zum Dienst der aktiven Mannschaft, montags, um 17.30 Uhr.<\/p>\n<p>Die Ausbildungsdienste, f\u00fcr die aktive Mannschaft, finden alle zwei Wochen, montags, um 19.30 Uhr statt.<\/p>\n<p>Der L\u00f6schzug Laggenbeck wird bei allen Eins\u00e4tzen innerhalb des Ortsteils zusammen mit dem Dienstbetrieb der hauptamtlichen Wache alarmiert. Bei gr\u00f6\u00dferen Einsatzlagen werden weitere L\u00f6schz\u00fcge mit alarmiert.<\/p>\n<p>Das Sonderfahrzeug ABC-Erkunder NRW ist Bestandteils des \u201eMesszugs NRW\u201c, einer taktischen Einheit zur Bew\u00e4ltigung von Messaufgaben bei Freisetzung von ABC-Gefahrstoffen und kann entsprechend landesweit eingesetzt werden.<\/p>\n<p>Des Weiteren stellt der L\u00f6schzug Laggenbeck Personal f\u00fcr einen der beiden ABC-Z\u00fcge des Kreises Steinfurt, der durch die Feuerwehr Ibbenb\u00fcren bereitgestellt wird. Wird der ABC-Zug alarmiert, r\u00fcckt der L\u00f6schzug Laggenbeck mit ABC-Erkunder NRW und dem LF 10 aus. Die weiteren Einsatzkr\u00e4fte und Fahrzeuge f\u00fcr den ABC-Zug werden durch die L\u00f6schz\u00fcge Stadtmitte und D\u00f6renthe gestellt.<\/p>\n<p>Der L\u00f6schzug wird von einem L\u00f6schzugf\u00fchrer (BOI Axel Wesselmann) und seinem Stellvertreter<br \/>\n(BI Sebastian Gaida) gef\u00fchrt. Diese wiederum haben zur Unterst\u00fctzung der Zugf\u00fchrung<br \/>\nzwei gew\u00e4hlte Gruppenf\u00fchrer (Gruppe 1: HBM Ralf Hagedorn Gruppe 2: HBM Klaus Gr\u00f6ning)<br \/>\nund deren Stellvertreter (Gruppe 1: HBM Markus Schl\u00fcter Gruppe 2: HBM Jens Gaida).<\/p>\n<p><a href=\"https:\/\/www.feuerwehr-ibbenbueren.de\/?typela=1_gesamt\/\"><input class=\"wpcf7-form-control wpcf7-submit\" type=\"submit\" value=\"Zum Personal\" \/><\/a> <a href=\"https:\/\/www.feuerwehr-ibbenbueren.de\/?ibb_art=fahrzeugstandort-laggenbeck\"><input class=\"wpcf7-form-control wpcf7-submit\" type=\"submit\" value=\"Zum Fuhrpark\" \/><\/a><\/p>\n","protected":false},"excerpt":{"rendered":"<p>Der L\u00f6schzug Laggenbeck der Feuerwehr Ibbenb\u00fcren ist an der Mettinger Stra\u00dfe im Ortsteil Laggenbeck stationiert. <\/p>\n","protected":false},"author":2,"featured_media":32314,"parent":5,"menu_order":3,"comment_status":"open","ping_status":"closed","template":"","meta":{"footnotes":""},"class_list":["post-955","page","type-page","status-publish","has-post-thumbnail","hentry"],"_links":{"self":[{"href":"https:\/\/www.feuerwehr-ibbenbueren.de\/index.php?rest_route=\/wp\/v2\/pages\/955","targetHints":{"allow":["GET"]}}],"collection":[{"href":"https:\/\/www.feuerwehr-ibbenbueren.de\/index.php?rest_route=\/wp\/v2\/pages"}],"about":[{"href":"https:\/\/www.feuerwehr-ibbenbueren.de\/index.php?rest_route=\/wp\/v2\/types\/page"}],"author":[{"embeddable":true,"href":"https:\/\/www.feuerwehr-ibbenbueren.de\/index.php?rest_route=\/wp\/v2\/users\/2"}],"replies":[{"embeddable":true,"href":"https:\/\/www.feuerwehr-ibbenbueren.de\/index.php?rest_route=%2Fwp%2Fv2%2Fcomments&post=955"}],"version-history":[{"count":52,"href":"https:\/\/www.feuerwehr-ibbenbueren.de\/index.php?rest_route=\/wp\/v2\/pages\/955\/revisions"}],"predecessor-version":[{"id":42088,"href":"https:\/\/www.feuerwehr-ibbenbueren.de\/index.php?rest_route=\/wp\/v2\/pages\/955\/revisions\/42088"}],"up":[{"embeddable":true,"href":"https:\/\/www.feuerwehr-ibbenbueren.de\/index.php?rest_route=\/wp\/v2\/pages\/5"}],"wp:featuredmedia":[{"embeddable":true,"href":"https:\/\/www.feuerwehr-ibbenbueren.de\/index.php?rest_route=\/wp\/v2\/media\/32314"}],"wp:attachment":[{"href":"https:\/\/www.feuerwehr-ibbenbueren.de\/index.php?rest_route=%2Fwp%2Fv2%2Fmedia&parent=955"}],"curies":[{"name":"wp","href":"https:\/\/api.w.org\/{rel}","templated":true}]}}