{"id":967,"date":"2015-04-23T15:32:30","date_gmt":"2015-04-23T13:32:30","guid":{"rendered":"http:\/\/www.feuerwehr-ibbenbueren.de\/?page_id=967"},"modified":"2025-01-05T08:10:39","modified_gmt":"2025-01-05T07:10:39","slug":"test-doerenthe-2-2-2-2-2","status":"publish","type":"page","link":"https:\/\/www.feuerwehr-ibbenbueren.de\/?page_id=967","title":{"rendered":"Ehrenabteilung"},"content":{"rendered":"<p><em>Das Gruppenfoto entstand im Jahr 2009, zum Einzug in die neue Feuer- und Rettungswache am Niedersachsenring.<\/em><\/p>\n<hr \/>\n<h3>Ehrenabteilung<\/h3>\n<p>Angeh\u00f6rige der Feuerwehr, die die Altersgrenze von zurzeit 67 Jahren erreicht haben &#8211; oder aus gesundheitlichen oder pers\u00f6nlichen Gr\u00fcnden vorzeitig aus der Einsatzabteilung ausscheiden &#8211; k\u00f6nnen daraufhin in die Ehrenabteilung der Feuerwehr wechseln.<\/p>\n<p>Die Ehrenabteilung der Feuerwehr Ibbenb\u00fcren hat derzeit 57 Mitglieder.<\/p>\n<p>Die Mitglieder der Ehrenabteilung werden weiterhin zu Veranstaltungen, wie zum Beispiel der Jahreshauptversammlung der Feuerwehr Ibbenb\u00fcren, eingeladen.<\/p>\n<p>Die einzelnen Abteilungen in den L\u00f6schz\u00fcgen Stadtmitte, Laggenbeck und D\u00f6renthe, unternehmen au\u00dferdem auch eigene Veranstaltungen: so trifft sich beispielsweise die Abteilung der L\u00f6schz\u00fcge Stadtmitte regelm\u00e4\u00dfig zu einem Gespr\u00e4chsabend in der Florianstube am Niedersachsenring.<\/p>\n<p>Ebenso werden gemeinsame Ausfl\u00fcge und Tagesfahrten von der Ehrenabteilung angeboten.<\/p>\n<p>Ein besonderer Termin ist der allj\u00e4hrlich stattfindende Nachmittag der Ehrenabteilungen auf Kreisebene, zu dem sich normalerweise mehr als 700 Kameradinnen und Kameraden treffen. Dies zeigt die hohe Verbundenheit der Mitglieder mit den Feuerwehren, denen diese Kameraden oft mehr als 50, 60 oder 70 Jahre angeh\u00f6ren.<\/p>\n<p>&nbsp;<\/p>\n<p><a href=\"https:\/\/www.feuerwehr-ibbenbueren.de\/?typeea=2_ansprechpartner\"><input class=\"wpcf7-form-control wpcf7-submit\" type=\"submit\" value=\"Zum Personal\" \/><\/a><\/p>\n","protected":false},"excerpt":{"rendered":"<p>Das Gruppenfoto entstand im Jahr 2009, zum Einzug in die neue Feuer- und Rettungswache am Niedersachsenring. Ehrenabteilung Angeh\u00f6rige der Feuerwehr, die die Altersgrenze von zurzeit 67 Jahren erreicht haben &#8211; oder aus gesundheitlichen oder pers\u00f6nlichen Gr\u00fcnden vorzeitig aus der Einsatzabteilung ausscheiden &#8211; k\u00f6nnen daraufhin in die Ehrenabteilung der Feuerwehr wechseln. Die Ehrenabteilung der Feuerwehr Ibbenb\u00fcren [&hellip;]<\/p>\n","protected":false},"author":3,"featured_media":1245,"parent":5,"menu_order":8,"comment_status":"open","ping_status":"closed","template":"","meta":{"footnotes":""},"class_list":["post-967","page","type-page","status-publish","has-post-thumbnail","hentry"],"_links":{"self":[{"href":"https:\/\/www.feuerwehr-ibbenbueren.de\/index.php?rest_route=\/wp\/v2\/pages\/967","targetHints":{"allow":["GET"]}}],"collection":[{"href":"https:\/\/www.feuerwehr-ibbenbueren.de\/index.php?rest_route=\/wp\/v2\/pages"}],"about":[{"href":"https:\/\/www.feuerwehr-ibbenbueren.de\/index.php?rest_route=\/wp\/v2\/types\/page"}],"author":[{"embeddable":true,"href":"https:\/\/www.feuerwehr-ibbenbueren.de\/index.php?rest_route=\/wp\/v2\/users\/3"}],"replies":[{"embeddable":true,"href":"https:\/\/www.feuerwehr-ibbenbueren.de\/index.php?rest_route=%2Fwp%2Fv2%2Fcomments&post=967"}],"version-history":[{"count":18,"href":"https:\/\/www.feuerwehr-ibbenbueren.de\/index.php?rest_route=\/wp\/v2\/pages\/967\/revisions"}],"predecessor-version":[{"id":37691,"href":"https:\/\/www.feuerwehr-ibbenbueren.de\/index.php?rest_route=\/wp\/v2\/pages\/967\/revisions\/37691"}],"up":[{"embeddable":true,"href":"https:\/\/www.feuerwehr-ibbenbueren.de\/index.php?rest_route=\/wp\/v2\/pages\/5"}],"wp:featuredmedia":[{"embeddable":true,"href":"https:\/\/www.feuerwehr-ibbenbueren.de\/index.php?rest_route=\/wp\/v2\/media\/1245"}],"wp:attachment":[{"href":"https:\/\/www.feuerwehr-ibbenbueren.de\/index.php?rest_route=%2Fwp%2Fv2%2Fmedia&parent=967"}],"curies":[{"name":"wp","href":"https:\/\/api.w.org\/{rel}","templated":true}]}}